{"id":6072,"date":"2025-03-23T13:01:41","date_gmt":"2025-03-23T16:01:41","guid":{"rendered":"https:\/\/prosaudesul.com.br\/site\/?post_type=product&#038;p=6072"},"modified":"2025-11-10T15:00:53","modified_gmt":"2025-11-10T18:00:53","slug":"visage","status":"publish","type":"product","link":"https:\/\/prosaudesul.com.br\/site\/produto\/visage\/","title":{"rendered":"Visage"},"content":{"rendered":"<p>DIMENS\u00d5ES DO EQUIPAMENTO EMBALADO<br \/>\nDimens\u00f5es:<br \/>\nLargura: 37,5 cm<br \/>\nComprimento: 34,0 cm<br \/>\nAltura: 17,5 cm<br \/>\nPeso Bruto: 3,3 kg<br \/>\nDIMENS\u00d5ES DO EQUIPAMENTO SEM EMBALAGEM<br \/>\nDimens\u00f5es:<br \/>\nLargura: 20,0 cm<br \/>\nProfundidade: 14,0 cm<br \/>\nAltura: 4,0 cm<br \/>\nPeso L\u00edquido: 1,7 kg<br \/>\nPeso Equipamento: 0,5 kg<br \/>\nESPECIFICA\u00c7\u00d5ES DO SISTEMA<br \/>\nIntensidade m\u00e9dia temporal: 3773 \u00b1 421 W\/cm2<br \/>\nLargura do feixe para o foco: 0,450 \u00b1 0,005 mm<br \/>\nVolume focal: 0,27 \u00b1 0,03 mm3<br \/>\nIntensidade eficaz de entrada: 14,0 W\/cm2 \u00b1 20%<br \/>\nPonto focal: 1,5 \/ 3,0 \/ 4,5 ou 6 mm \u00b1 0,05 mm<br \/>\nDESCRI\u00c7\u00c3O EL\u00c9TRICA DO EQUIPAMENTO<br \/>\nEntrada: 100 &#8211; 240V ~ 50\/60 Hz<br \/>\nPot\u00eancia de entrada: 100 VA<br \/>\nFus\u00edvel: 3,15A 250V<br \/>\nClasse de isolamento: Classe II<br \/>\nProte\u00e7\u00e3o contra choque el\u00e9trico: Tipo BF<br \/>\nModo de opera\u00e7\u00e3o: Cont\u00ednuo<\/p>\n","protected":false},"excerpt":{"rendered":"<p>DIMENS\u00d5ES DO EQUIPAMENTO EMBALADO<br \/>\nDimens\u00f5es:<br \/>\nLargura: 37,5 cm<br \/>\nComprimento: 34,0 cm<br \/>\nAltura: 17,5 cm<br \/>\nPeso Bruto: 3,3 kg<br \/>\nDIMENS\u00d5ES DO EQUIPAMENTO SEM EMBALAGEM<br \/>\nDimens\u00f5es:<br \/>\nLargura: 20,0 cm<br \/>\nProfundidade: 14,0 cm<br \/>\nAltura: 4,0 cm<br \/>\nPeso L\u00edquido: 1,7 kg<br \/>\nPeso Equipamento: 0,5 kg<br \/>\nESPECIFICA\u00c7\u00d5ES DO SISTEMA<br \/>\nIntensidade m\u00e9dia temporal: 3773 \u00b1 421 W\/cm2<br \/>\nLargura do feixe para o foco: 0,450 \u00b1 0,005 mm<br \/>\nVolume focal: 0,27 \u00b1 0,03 mm3<br \/>\nIntensidade eficaz de entrada: 14,0 W\/cm2 \u00b1 20%<br \/>\nPonto focal: 1,5 \/ 3,0 \/ 4,5 ou 6 mm \u00b1 0,05 mm<br \/>\nDESCRI\u00c7\u00c3O EL\u00c9TRICA DO EQUIPAMENTO<br \/>\nEntrada: 100 &#8211; 240V ~ 50\/60 Hz<br \/>\nPot\u00eancia de entrada: 100 VA<br \/>\nFus\u00edvel: 3,15A 250V<br \/>\nClasse de isolamento: Classe II<br \/>\nProte\u00e7\u00e3o contra choque el\u00e9trico: Tipo BF<br \/>\nModo de opera\u00e7\u00e3o: Cont\u00ednuo<\/p>\n","protected":false},"featured_media":6075,"comment_status":"closed","ping_status":"closed","template":"","meta":{"_kadence_starter_templates_imported_post":false,"_kad_post_transparent":"default","_kad_post_title":"","_kad_post_layout":"default","_kad_post_sidebar_id":"","_kad_post_content_style":"default","_kad_post_vertical_padding":"default","_kad_post_feature":"","_kad_post_feature_position":"","_kad_post_header":false,"_kad_post_footer":false,"_kad_post_classname":""},"product_brand":[],"product_cat":[53],"product_tag":[],"class_list":{"0":"post-6072","1":"product","2":"type-product","3":"status-publish","4":"has-post-thumbnail","6":"product_cat-eletroterapia-ibramed","8":"first","9":"instock","10":"shipping-taxable","11":"product-type-simple","12":"entry","13":"content-bg","14":"loop-entry"},"yoast_head":"<!-- This site is optimized with the Yoast SEO plugin v23.2 - https:\/\/yoast.com\/wordpress\/plugins\/seo\/ -->\n<title>Visage - Pr\u00f3 Sa\u00fade - Equipamentos M\u00e9dicos e Hospitalares<\/title>\n<meta name=\"robots\" content=\"index, follow, max-snippet:-1, max-image-preview:large, max-video-preview:-1\" \/>\n<link rel=\"canonical\" href=\"https:\/\/prosaudesul.com.br\/site\/produto\/visage\/\" \/>\n<meta property=\"og:locale\" content=\"pt_BR\" \/>\n<meta property=\"og:type\" content=\"article\" \/>\n<meta property=\"og:title\" content=\"Visage - Pr\u00f3 Sa\u00fade - Equipamentos M\u00e9dicos e Hospitalares\" \/>\n<meta property=\"og:description\" content=\"DIMENS\u00d5ES DO EQUIPAMENTO EMBALADO Dimens\u00f5es: Largura: 37,5 cm Comprimento: 34,0 cm Altura: 17,5 cm Peso Bruto: 3,3 kg DIMENS\u00d5ES DO EQUIPAMENTO SEM EMBALAGEM Dimens\u00f5es: Largura: 20,0 cm Profundidade: 14,0 cm Altura: 4,0 cm Peso L\u00edquido: 1,7 kg Peso Equipamento: 0,5 kg ESPECIFICA\u00c7\u00d5ES DO SISTEMA Intensidade m\u00e9dia temporal: 3773 \u00b1 421 W\/cm2 Largura do feixe para o foco: 0,450 \u00b1 0,005 mm Volume focal: 0,27 \u00b1 0,03 mm3 Intensidade eficaz de entrada: 14,0 W\/cm2 \u00b1 20% Ponto focal: 1,5 \/ 3,0 \/ 4,5 ou 6 mm \u00b1 0,05 mm DESCRI\u00c7\u00c3O EL\u00c9TRICA DO EQUIPAMENTO Entrada: 100 - 240V ~ 50\/60 Hz Pot\u00eancia de entrada: 100 VA Fus\u00edvel: 3,15A 250V Classe de isolamento: Classe II Prote\u00e7\u00e3o contra choque el\u00e9trico: Tipo BF Modo de opera\u00e7\u00e3o: Cont\u00ednuo\" \/>\n<meta property=\"og:url\" content=\"https:\/\/prosaudesul.com.br\/site\/produto\/visage\/\" \/>\n<meta property=\"og:site_name\" content=\"Pr\u00f3 Sa\u00fade - Equipamentos M\u00e9dicos e Hospitalares\" \/>\n<meta property=\"article:publisher\" content=\"https:\/\/www.facebook.com\/sorgatobrindes\" \/>\n<meta property=\"article:modified_time\" content=\"2025-11-10T18:00:53+00:00\" \/>\n<meta property=\"og:image\" content=\"https:\/\/prosaudesul.com.br\/site\/wp-content\/uploads\/2025\/03\/11.jpg\" \/>\n\t<meta property=\"og:image:width\" content=\"300\" \/>\n\t<meta property=\"og:image:height\" content=\"300\" \/>\n\t<meta property=\"og:image:type\" content=\"image\/jpeg\" \/>\n<meta name=\"twitter:card\" content=\"summary_large_image\" \/>\n<meta name=\"twitter:label1\" content=\"Est. tempo de leitura\" \/>\n\t<meta name=\"twitter:data1\" content=\"1 minuto\" \/>\n<script type=\"application\/ld+json\" class=\"yoast-schema-graph\">{\"@context\":\"https:\/\/schema.org\",\"@graph\":[{\"@type\":\"WebPage\",\"@id\":\"https:\/\/prosaudesul.com.br\/site\/produto\/visage\/\",\"url\":\"https:\/\/prosaudesul.com.br\/site\/produto\/visage\/\",\"name\":\"Visage - Pr\u00f3 Sa\u00fade - Equipamentos M\u00e9dicos e Hospitalares\",\"isPartOf\":{\"@id\":\"https:\/\/prosaudesul.com.br\/site\/#website\"},\"primaryImageOfPage\":{\"@id\":\"https:\/\/prosaudesul.com.br\/site\/produto\/visage\/#primaryimage\"},\"image\":{\"@id\":\"https:\/\/prosaudesul.com.br\/site\/produto\/visage\/#primaryimage\"},\"thumbnailUrl\":\"https:\/\/prosaudesul.com.br\/site\/wp-content\/uploads\/2025\/03\/11.jpg\",\"datePublished\":\"2025-03-23T16:01:41+00:00\",\"dateModified\":\"2025-11-10T18:00:53+00:00\",\"breadcrumb\":{\"@id\":\"https:\/\/prosaudesul.com.br\/site\/produto\/visage\/#breadcrumb\"},\"inLanguage\":\"pt-BR\",\"potentialAction\":[{\"@type\":\"ReadAction\",\"target\":[\"https:\/\/prosaudesul.com.br\/site\/produto\/visage\/\"]}]},{\"@type\":\"ImageObject\",\"inLanguage\":\"pt-BR\",\"@id\":\"https:\/\/prosaudesul.com.br\/site\/produto\/visage\/#primaryimage\",\"url\":\"https:\/\/prosaudesul.com.br\/site\/wp-content\/uploads\/2025\/03\/11.jpg\",\"contentUrl\":\"https:\/\/prosaudesul.com.br\/site\/wp-content\/uploads\/2025\/03\/11.jpg\",\"width\":300,\"height\":300},{\"@type\":\"BreadcrumbList\",\"@id\":\"https:\/\/prosaudesul.com.br\/site\/produto\/visage\/#breadcrumb\",\"itemListElement\":[{\"@type\":\"ListItem\",\"position\":1,\"name\":\"In\u00edcio\",\"item\":\"https:\/\/prosaudesul.com.br\/site\/\"},{\"@type\":\"ListItem\",\"position\":2,\"name\":\"Produtos\",\"item\":\"https:\/\/prosaudesul.com.br\/site\/loja\/\"},{\"@type\":\"ListItem\",\"position\":3,\"name\":\"Visage\"}]},{\"@type\":\"WebSite\",\"@id\":\"https:\/\/prosaudesul.com.br\/site\/#website\",\"url\":\"https:\/\/prosaudesul.com.br\/site\/\",\"name\":\"Pr\u00f3 Sa\u00fade - Equipamentos M\u00e9dicos e Hospitalares\",\"description\":\"Caxias do Sul - RS - Telefone: (54) 3227-7600 - Whats: (54) 9 9101-3507 - E-mail: prosaudeprodutos@yahoo.com.br\",\"publisher\":{\"@id\":\"https:\/\/prosaudesul.com.br\/site\/#organization\"},\"potentialAction\":[{\"@type\":\"SearchAction\",\"target\":{\"@type\":\"EntryPoint\",\"urlTemplate\":\"https:\/\/prosaudesul.com.br\/site\/?s={search_term_string}\"},\"query-input\":\"required name=search_term_string\"}],\"inLanguage\":\"pt-BR\"},{\"@type\":\"Organization\",\"@id\":\"https:\/\/prosaudesul.com.br\/site\/#organization\",\"name\":\"Pr\u00f3 Sa\u00fade - Equipamentos M\u00e9dicos e Hospitalares\",\"url\":\"https:\/\/prosaudesul.com.br\/site\/\",\"logo\":{\"@type\":\"ImageObject\",\"inLanguage\":\"pt-BR\",\"@id\":\"https:\/\/prosaudesul.com.br\/site\/#\/schema\/logo\/image\/\",\"url\":\"https:\/\/prosaudesul.com.br\/site\/wp-content\/uploads\/2023\/06\/logo-pro-saude.png\",\"contentUrl\":\"https:\/\/prosaudesul.com.br\/site\/wp-content\/uploads\/2023\/06\/logo-pro-saude.png\",\"width\":345,\"height\":86,\"caption\":\"Pr\u00f3 Sa\u00fade -  Equipamentos M\u00e9dicos e Hospitalares\"},\"image\":{\"@id\":\"https:\/\/prosaudesul.com.br\/site\/#\/schema\/logo\/image\/\"},\"sameAs\":[\"https:\/\/www.facebook.com\/sorgatobrindes\",\"https:\/\/www.instagram.com\/sorgatobrindes\/\"]}]}<\/script>\n<!-- \/ Yoast SEO plugin. -->","yoast_head_json":{"title":"Visage - Pr\u00f3 Sa\u00fade - Equipamentos M\u00e9dicos e Hospitalares","robots":{"index":"index","follow":"follow","max-snippet":"max-snippet:-1","max-image-preview":"max-image-preview:large","max-video-preview":"max-video-preview:-1"},"canonical":"https:\/\/prosaudesul.com.br\/site\/produto\/visage\/","og_locale":"pt_BR","og_type":"article","og_title":"Visage - Pr\u00f3 Sa\u00fade - Equipamentos M\u00e9dicos e Hospitalares","og_description":"DIMENS\u00d5ES DO EQUIPAMENTO EMBALADO Dimens\u00f5es: Largura: 37,5 cm Comprimento: 34,0 cm Altura: 17,5 cm Peso Bruto: 3,3 kg DIMENS\u00d5ES DO EQUIPAMENTO SEM EMBALAGEM Dimens\u00f5es: Largura: 20,0 cm Profundidade: 14,0 cm Altura: 4,0 cm Peso L\u00edquido: 1,7 kg Peso Equipamento: 0,5 kg ESPECIFICA\u00c7\u00d5ES DO SISTEMA Intensidade m\u00e9dia temporal: 3773 \u00b1 421 W\/cm2 Largura do feixe para o foco: 0,450 \u00b1 0,005 mm Volume focal: 0,27 \u00b1 0,03 mm3 Intensidade eficaz de entrada: 14,0 W\/cm2 \u00b1 20% Ponto focal: 1,5 \/ 3,0 \/ 4,5 ou 6 mm \u00b1 0,05 mm DESCRI\u00c7\u00c3O EL\u00c9TRICA DO EQUIPAMENTO Entrada: 100 - 240V ~ 50\/60 Hz Pot\u00eancia de entrada: 100 VA Fus\u00edvel: 3,15A 250V Classe de isolamento: Classe II Prote\u00e7\u00e3o contra choque el\u00e9trico: Tipo BF Modo de opera\u00e7\u00e3o: Cont\u00ednuo","og_url":"https:\/\/prosaudesul.com.br\/site\/produto\/visage\/","og_site_name":"Pr\u00f3 Sa\u00fade - Equipamentos M\u00e9dicos e Hospitalares","article_publisher":"https:\/\/www.facebook.com\/sorgatobrindes","article_modified_time":"2025-11-10T18:00:53+00:00","og_image":[{"width":300,"height":300,"url":"https:\/\/prosaudesul.com.br\/site\/wp-content\/uploads\/2025\/03\/11.jpg","type":"image\/jpeg"}],"twitter_card":"summary_large_image","twitter_misc":{"Est. tempo de leitura":"1 minuto"},"schema":{"@context":"https:\/\/schema.org","@graph":[{"@type":"WebPage","@id":"https:\/\/prosaudesul.com.br\/site\/produto\/visage\/","url":"https:\/\/prosaudesul.com.br\/site\/produto\/visage\/","name":"Visage - Pr\u00f3 Sa\u00fade - Equipamentos M\u00e9dicos e Hospitalares","isPartOf":{"@id":"https:\/\/prosaudesul.com.br\/site\/#website"},"primaryImageOfPage":{"@id":"https:\/\/prosaudesul.com.br\/site\/produto\/visage\/#primaryimage"},"image":{"@id":"https:\/\/prosaudesul.com.br\/site\/produto\/visage\/#primaryimage"},"thumbnailUrl":"https:\/\/prosaudesul.com.br\/site\/wp-content\/uploads\/2025\/03\/11.jpg","datePublished":"2025-03-23T16:01:41+00:00","dateModified":"2025-11-10T18:00:53+00:00","breadcrumb":{"@id":"https:\/\/prosaudesul.com.br\/site\/produto\/visage\/#breadcrumb"},"inLanguage":"pt-BR","potentialAction":[{"@type":"ReadAction","target":["https:\/\/prosaudesul.com.br\/site\/produto\/visage\/"]}]},{"@type":"ImageObject","inLanguage":"pt-BR","@id":"https:\/\/prosaudesul.com.br\/site\/produto\/visage\/#primaryimage","url":"https:\/\/prosaudesul.com.br\/site\/wp-content\/uploads\/2025\/03\/11.jpg","contentUrl":"https:\/\/prosaudesul.com.br\/site\/wp-content\/uploads\/2025\/03\/11.jpg","width":300,"height":300},{"@type":"BreadcrumbList","@id":"https:\/\/prosaudesul.com.br\/site\/produto\/visage\/#breadcrumb","itemListElement":[{"@type":"ListItem","position":1,"name":"In\u00edcio","item":"https:\/\/prosaudesul.com.br\/site\/"},{"@type":"ListItem","position":2,"name":"Produtos","item":"https:\/\/prosaudesul.com.br\/site\/loja\/"},{"@type":"ListItem","position":3,"name":"Visage"}]},{"@type":"WebSite","@id":"https:\/\/prosaudesul.com.br\/site\/#website","url":"https:\/\/prosaudesul.com.br\/site\/","name":"Pr\u00f3 Sa\u00fade - Equipamentos M\u00e9dicos e Hospitalares","description":"Caxias do Sul - RS - Telefone: (54) 3227-7600 - Whats: (54) 9 9101-3507 - E-mail: prosaudeprodutos@yahoo.com.br","publisher":{"@id":"https:\/\/prosaudesul.com.br\/site\/#organization"},"potentialAction":[{"@type":"SearchAction","target":{"@type":"EntryPoint","urlTemplate":"https:\/\/prosaudesul.com.br\/site\/?s={search_term_string}"},"query-input":"required name=search_term_string"}],"inLanguage":"pt-BR"},{"@type":"Organization","@id":"https:\/\/prosaudesul.com.br\/site\/#organization","name":"Pr\u00f3 Sa\u00fade - Equipamentos M\u00e9dicos e Hospitalares","url":"https:\/\/prosaudesul.com.br\/site\/","logo":{"@type":"ImageObject","inLanguage":"pt-BR","@id":"https:\/\/prosaudesul.com.br\/site\/#\/schema\/logo\/image\/","url":"https:\/\/prosaudesul.com.br\/site\/wp-content\/uploads\/2023\/06\/logo-pro-saude.png","contentUrl":"https:\/\/prosaudesul.com.br\/site\/wp-content\/uploads\/2023\/06\/logo-pro-saude.png","width":345,"height":86,"caption":"Pr\u00f3 Sa\u00fade -  Equipamentos M\u00e9dicos e Hospitalares"},"image":{"@id":"https:\/\/prosaudesul.com.br\/site\/#\/schema\/logo\/image\/"},"sameAs":["https:\/\/www.facebook.com\/sorgatobrindes","https:\/\/www.instagram.com\/sorgatobrindes\/"]}]}},"_links":{"self":[{"href":"https:\/\/prosaudesul.com.br\/site\/wp-json\/wp\/v2\/product\/6072"}],"collection":[{"href":"https:\/\/prosaudesul.com.br\/site\/wp-json\/wp\/v2\/product"}],"about":[{"href":"https:\/\/prosaudesul.com.br\/site\/wp-json\/wp\/v2\/types\/product"}],"replies":[{"embeddable":true,"href":"https:\/\/prosaudesul.com.br\/site\/wp-json\/wp\/v2\/comments?post=6072"}],"wp:featuredmedia":[{"embeddable":true,"href":"https:\/\/prosaudesul.com.br\/site\/wp-json\/wp\/v2\/media\/6075"}],"wp:attachment":[{"href":"https:\/\/prosaudesul.com.br\/site\/wp-json\/wp\/v2\/media?parent=6072"}],"wp:term":[{"taxonomy":"product_brand","embeddable":true,"href":"https:\/\/prosaudesul.com.br\/site\/wp-json\/wp\/v2\/product_brand?post=6072"},{"taxonomy":"product_cat","embeddable":true,"href":"https:\/\/prosaudesul.com.br\/site\/wp-json\/wp\/v2\/product_cat?post=6072"},{"taxonomy":"product_tag","embeddable":true,"href":"https:\/\/prosaudesul.com.br\/site\/wp-json\/wp\/v2\/product_tag?post=6072"}],"curies":[{"name":"wp","href":"https:\/\/api.w.org\/{rel}","templated":true}]}}