{"id":6045,"date":"2025-03-20T18:28:49","date_gmt":"2025-03-20T21:28:49","guid":{"rendered":"https:\/\/prosaudesul.com.br\/site\/?post_type=product&#038;p=6045"},"modified":"2025-03-24T11:12:02","modified_gmt":"2025-03-24T14:12:02","slug":"syrius-yang","status":"publish","type":"product","link":"https:\/\/prosaudesul.com.br\/site\/produto\/syrius-yang\/","title":{"rendered":"Syrius Yang"},"content":{"rendered":"<p>NCM (CLASSIFICA\u00c7\u00c3O FISCAL): 9018.90.99<br \/>\nN\u00b0 ANVISA: 10360310046<br \/>\nC\u00d3DIGO DE REFER\u00caNCIA DO PRODUTO: 01001049<\/p>\n<p>DIMENS\u00d5ES DO EQUIPAMENTO EMBALADO<br \/>\nDimens\u00f5es:<br \/>\nLargura: 46,5 cm<br \/>\nComprimento: 40,5 cm<br \/>\nAltura: 60 cm<br \/>\nPeso Bruto: 32,1 kg<\/p>\n<p>DIMENS\u00d5ES DO EQUIPAMENTO SEM EMBALAGEM<br \/>\nDimens\u00f5es:<br \/>\nLargura: 40 cm<br \/>\nProfundidade: 50 cm<br \/>\nAltura: 26 cm<br \/>\nPeso L\u00edquido: 20,8 Kg<br \/>\nPeso Equipamento: 17 Kg<\/p>\n<p>DESCRI\u00c7\u00c3O EL\u00c9TRICA DO EQUIPAMENTO<br \/>\nEntrada: 220V<br \/>\nPot\u00eancia de entrada: 1.800 VA<br \/>\nFus\u00edveis: 2 fus\u00edveis de 20 AG &#8211; Capacidade de Ruptura: 100 A, efeito de retardado 250V<br \/>\nClasse de isolamento: Classe I<br \/>\nProte\u00e7\u00e3o contra choque el\u00e9trico: Tipo BF<br \/>\nModo de opera\u00e7\u00e3o: Cont\u00ednuo<\/p>\n<p>Vers\u00e3o do Firmware: LA12_V01_AN<\/p>\n<p>Garantia e Prazo de Validade: consultar no manual do equipamento<\/p>\n","protected":false},"excerpt":{"rendered":"<p>NCM (CLASSIFICA\u00c7\u00c3O FISCAL): 9018.90.99<br \/>\nN\u00b0 ANVISA: 10360310046<br \/>\nC\u00d3DIGO DE REFER\u00caNCIA DO PRODUTO: 01001049<\/p>\n<p>DIMENS\u00d5ES DO EQUIPAMENTO EMBALADO<br \/>\nDimens\u00f5es:<br \/>\nLargura: 46,5 cm<br \/>\nComprimento: 40,5 cm<br \/>\nAltura: 60 cm<br \/>\nPeso Bruto: 32,1 kg<\/p>\n<p>DIMENS\u00d5ES DO EQUIPAMENTO SEM EMBALAGEM<br \/>\nDimens\u00f5es:<br \/>\nLargura: 40 cm<br \/>\nProfundidade: 50 cm<br \/>\nAltura: 26 cm<br \/>\nPeso L\u00edquido: 20,8 Kg<br \/>\nPeso Equipamento: 17 Kg<\/p>\n<p>DESCRI\u00c7\u00c3O EL\u00c9TRICA DO EQUIPAMENTO<br \/>\nEntrada: 220V<br \/>\nPot\u00eancia de entrada: 1.800 VA<br \/>\nFus\u00edveis: 2 fus\u00edveis de 20 AG &#8211; Capacidade de Ruptura: 100 A, efeito de retardado 250V<br \/>\nClasse de isolamento: Classe I<br \/>\nProte\u00e7\u00e3o contra choque el\u00e9trico: Tipo BF<br \/>\nModo de opera\u00e7\u00e3o: Cont\u00ednuo<\/p>\n<p>Vers\u00e3o do Firmware: LA12_V01_AN<\/p>\n<p>Garantia e Prazo de Validade: consultar no manual do equipamento<\/p>\n","protected":false},"featured_media":6052,"comment_status":"closed","ping_status":"closed","template":"","meta":{"_kadence_starter_templates_imported_post":false,"_kad_post_transparent":"default","_kad_post_title":"","_kad_post_layout":"default","_kad_post_sidebar_id":"","_kad_post_content_style":"default","_kad_post_vertical_padding":"default","_kad_post_feature":"","_kad_post_feature_position":"","_kad_post_header":false,"_kad_post_footer":false,"_kad_post_classname":""},"product_brand":[],"product_cat":[53],"product_tag":[106],"class_list":{"0":"post-6045","1":"product","2":"type-product","3":"status-publish","4":"has-post-thumbnail","6":"product_cat-eletroterapia-ibramed","7":"product_tag-syrius-yang","9":"first","10":"instock","11":"shipping-taxable","12":"product-type-simple","13":"entry","14":"content-bg","15":"loop-entry"},"yoast_head":"<!-- This site is optimized with the Yoast SEO plugin v23.2 - https:\/\/yoast.com\/wordpress\/plugins\/seo\/ -->\n<title>Syrius Yang - Pr\u00f3 Sa\u00fade - Equipamentos M\u00e9dicos e Hospitalares<\/title>\n<meta name=\"robots\" content=\"index, follow, max-snippet:-1, max-image-preview:large, max-video-preview:-1\" \/>\n<link rel=\"canonical\" href=\"https:\/\/prosaudesul.com.br\/site\/produto\/syrius-yang\/\" \/>\n<meta property=\"og:locale\" content=\"pt_BR\" \/>\n<meta property=\"og:type\" content=\"article\" \/>\n<meta property=\"og:title\" content=\"Syrius Yang - Pr\u00f3 Sa\u00fade - Equipamentos M\u00e9dicos e Hospitalares\" \/>\n<meta property=\"og:description\" content=\"NCM (CLASSIFICA\u00c7\u00c3O FISCAL): 9018.90.99 N\u00b0 ANVISA: 10360310046 C\u00d3DIGO DE REFER\u00caNCIA DO PRODUTO: 01001049  DIMENS\u00d5ES DO EQUIPAMENTO EMBALADO Dimens\u00f5es: Largura: 46,5 cm Comprimento: 40,5 cm Altura: 60 cm Peso Bruto: 32,1 kg  DIMENS\u00d5ES DO EQUIPAMENTO SEM EMBALAGEM Dimens\u00f5es: Largura: 40 cm Profundidade: 50 cm Altura: 26 cm Peso L\u00edquido: 20,8 Kg Peso Equipamento: 17 Kg  DESCRI\u00c7\u00c3O EL\u00c9TRICA DO EQUIPAMENTO Entrada: 220V Pot\u00eancia de entrada: 1.800 VA Fus\u00edveis: 2 fus\u00edveis de 20 AG - Capacidade de Ruptura: 100 A, efeito de retardado 250V Classe de isolamento: Classe I Prote\u00e7\u00e3o contra choque el\u00e9trico: Tipo BF Modo de opera\u00e7\u00e3o: Cont\u00ednuo  Vers\u00e3o do Firmware: LA12_V01_AN  Garantia e Prazo de Validade: consultar no manual do equipamento\" \/>\n<meta property=\"og:url\" content=\"https:\/\/prosaudesul.com.br\/site\/produto\/syrius-yang\/\" \/>\n<meta property=\"og:site_name\" content=\"Pr\u00f3 Sa\u00fade - Equipamentos M\u00e9dicos e Hospitalares\" \/>\n<meta property=\"article:publisher\" content=\"https:\/\/www.facebook.com\/sorgatobrindes\" \/>\n<meta property=\"article:modified_time\" content=\"2025-03-24T14:12:02+00:00\" \/>\n<meta property=\"og:image\" content=\"https:\/\/prosaudesul.com.br\/site\/wp-content\/uploads\/2025\/03\/1.jpg\" \/>\n\t<meta property=\"og:image:width\" content=\"300\" \/>\n\t<meta property=\"og:image:height\" content=\"300\" \/>\n\t<meta property=\"og:image:type\" content=\"image\/jpeg\" \/>\n<meta name=\"twitter:card\" content=\"summary_large_image\" \/>\n<meta name=\"twitter:label1\" content=\"Est. tempo de leitura\" \/>\n\t<meta name=\"twitter:data1\" content=\"1 minuto\" \/>\n<script type=\"application\/ld+json\" class=\"yoast-schema-graph\">{\"@context\":\"https:\/\/schema.org\",\"@graph\":[{\"@type\":\"WebPage\",\"@id\":\"https:\/\/prosaudesul.com.br\/site\/produto\/syrius-yang\/\",\"url\":\"https:\/\/prosaudesul.com.br\/site\/produto\/syrius-yang\/\",\"name\":\"Syrius Yang - Pr\u00f3 Sa\u00fade - Equipamentos M\u00e9dicos e Hospitalares\",\"isPartOf\":{\"@id\":\"https:\/\/prosaudesul.com.br\/site\/#website\"},\"primaryImageOfPage\":{\"@id\":\"https:\/\/prosaudesul.com.br\/site\/produto\/syrius-yang\/#primaryimage\"},\"image\":{\"@id\":\"https:\/\/prosaudesul.com.br\/site\/produto\/syrius-yang\/#primaryimage\"},\"thumbnailUrl\":\"https:\/\/prosaudesul.com.br\/site\/wp-content\/uploads\/2025\/03\/1.jpg\",\"datePublished\":\"2025-03-20T21:28:49+00:00\",\"dateModified\":\"2025-03-24T14:12:02+00:00\",\"breadcrumb\":{\"@id\":\"https:\/\/prosaudesul.com.br\/site\/produto\/syrius-yang\/#breadcrumb\"},\"inLanguage\":\"pt-BR\",\"potentialAction\":[{\"@type\":\"ReadAction\",\"target\":[\"https:\/\/prosaudesul.com.br\/site\/produto\/syrius-yang\/\"]}]},{\"@type\":\"ImageObject\",\"inLanguage\":\"pt-BR\",\"@id\":\"https:\/\/prosaudesul.com.br\/site\/produto\/syrius-yang\/#primaryimage\",\"url\":\"https:\/\/prosaudesul.com.br\/site\/wp-content\/uploads\/2025\/03\/1.jpg\",\"contentUrl\":\"https:\/\/prosaudesul.com.br\/site\/wp-content\/uploads\/2025\/03\/1.jpg\",\"width\":300,\"height\":300},{\"@type\":\"BreadcrumbList\",\"@id\":\"https:\/\/prosaudesul.com.br\/site\/produto\/syrius-yang\/#breadcrumb\",\"itemListElement\":[{\"@type\":\"ListItem\",\"position\":1,\"name\":\"In\u00edcio\",\"item\":\"https:\/\/prosaudesul.com.br\/site\/\"},{\"@type\":\"ListItem\",\"position\":2,\"name\":\"Produtos\",\"item\":\"https:\/\/prosaudesul.com.br\/site\/loja\/\"},{\"@type\":\"ListItem\",\"position\":3,\"name\":\"Syrius Yang\"}]},{\"@type\":\"WebSite\",\"@id\":\"https:\/\/prosaudesul.com.br\/site\/#website\",\"url\":\"https:\/\/prosaudesul.com.br\/site\/\",\"name\":\"Pr\u00f3 Sa\u00fade - Equipamentos M\u00e9dicos e Hospitalares\",\"description\":\"Caxias do Sul - RS - Telefone: (54) 3227-7600 - Whats: (54) 9 9101-3507 - E-mail: prosaudeprodutos@yahoo.com.br\",\"publisher\":{\"@id\":\"https:\/\/prosaudesul.com.br\/site\/#organization\"},\"potentialAction\":[{\"@type\":\"SearchAction\",\"target\":{\"@type\":\"EntryPoint\",\"urlTemplate\":\"https:\/\/prosaudesul.com.br\/site\/?s={search_term_string}\"},\"query-input\":\"required name=search_term_string\"}],\"inLanguage\":\"pt-BR\"},{\"@type\":\"Organization\",\"@id\":\"https:\/\/prosaudesul.com.br\/site\/#organization\",\"name\":\"Pr\u00f3 Sa\u00fade - Equipamentos M\u00e9dicos e Hospitalares\",\"url\":\"https:\/\/prosaudesul.com.br\/site\/\",\"logo\":{\"@type\":\"ImageObject\",\"inLanguage\":\"pt-BR\",\"@id\":\"https:\/\/prosaudesul.com.br\/site\/#\/schema\/logo\/image\/\",\"url\":\"https:\/\/prosaudesul.com.br\/site\/wp-content\/uploads\/2023\/06\/logo-pro-saude.png\",\"contentUrl\":\"https:\/\/prosaudesul.com.br\/site\/wp-content\/uploads\/2023\/06\/logo-pro-saude.png\",\"width\":345,\"height\":86,\"caption\":\"Pr\u00f3 Sa\u00fade -  Equipamentos M\u00e9dicos e Hospitalares\"},\"image\":{\"@id\":\"https:\/\/prosaudesul.com.br\/site\/#\/schema\/logo\/image\/\"},\"sameAs\":[\"https:\/\/www.facebook.com\/sorgatobrindes\",\"https:\/\/www.instagram.com\/sorgatobrindes\/\"]}]}<\/script>\n<!-- \/ Yoast SEO plugin. -->","yoast_head_json":{"title":"Syrius Yang - Pr\u00f3 Sa\u00fade - Equipamentos M\u00e9dicos e Hospitalares","robots":{"index":"index","follow":"follow","max-snippet":"max-snippet:-1","max-image-preview":"max-image-preview:large","max-video-preview":"max-video-preview:-1"},"canonical":"https:\/\/prosaudesul.com.br\/site\/produto\/syrius-yang\/","og_locale":"pt_BR","og_type":"article","og_title":"Syrius Yang - Pr\u00f3 Sa\u00fade - Equipamentos M\u00e9dicos e Hospitalares","og_description":"NCM (CLASSIFICA\u00c7\u00c3O FISCAL): 9018.90.99 N\u00b0 ANVISA: 10360310046 C\u00d3DIGO DE REFER\u00caNCIA DO PRODUTO: 01001049  DIMENS\u00d5ES DO EQUIPAMENTO EMBALADO Dimens\u00f5es: Largura: 46,5 cm Comprimento: 40,5 cm Altura: 60 cm Peso Bruto: 32,1 kg  DIMENS\u00d5ES DO EQUIPAMENTO SEM EMBALAGEM Dimens\u00f5es: Largura: 40 cm Profundidade: 50 cm Altura: 26 cm Peso L\u00edquido: 20,8 Kg Peso Equipamento: 17 Kg  DESCRI\u00c7\u00c3O EL\u00c9TRICA DO EQUIPAMENTO Entrada: 220V Pot\u00eancia de entrada: 1.800 VA Fus\u00edveis: 2 fus\u00edveis de 20 AG - Capacidade de Ruptura: 100 A, efeito de retardado 250V Classe de isolamento: Classe I Prote\u00e7\u00e3o contra choque el\u00e9trico: Tipo BF Modo de opera\u00e7\u00e3o: Cont\u00ednuo  Vers\u00e3o do Firmware: LA12_V01_AN  Garantia e Prazo de Validade: consultar no manual do equipamento","og_url":"https:\/\/prosaudesul.com.br\/site\/produto\/syrius-yang\/","og_site_name":"Pr\u00f3 Sa\u00fade - Equipamentos M\u00e9dicos e Hospitalares","article_publisher":"https:\/\/www.facebook.com\/sorgatobrindes","article_modified_time":"2025-03-24T14:12:02+00:00","og_image":[{"width":300,"height":300,"url":"https:\/\/prosaudesul.com.br\/site\/wp-content\/uploads\/2025\/03\/1.jpg","type":"image\/jpeg"}],"twitter_card":"summary_large_image","twitter_misc":{"Est. tempo de leitura":"1 minuto"},"schema":{"@context":"https:\/\/schema.org","@graph":[{"@type":"WebPage","@id":"https:\/\/prosaudesul.com.br\/site\/produto\/syrius-yang\/","url":"https:\/\/prosaudesul.com.br\/site\/produto\/syrius-yang\/","name":"Syrius Yang - Pr\u00f3 Sa\u00fade - Equipamentos M\u00e9dicos e Hospitalares","isPartOf":{"@id":"https:\/\/prosaudesul.com.br\/site\/#website"},"primaryImageOfPage":{"@id":"https:\/\/prosaudesul.com.br\/site\/produto\/syrius-yang\/#primaryimage"},"image":{"@id":"https:\/\/prosaudesul.com.br\/site\/produto\/syrius-yang\/#primaryimage"},"thumbnailUrl":"https:\/\/prosaudesul.com.br\/site\/wp-content\/uploads\/2025\/03\/1.jpg","datePublished":"2025-03-20T21:28:49+00:00","dateModified":"2025-03-24T14:12:02+00:00","breadcrumb":{"@id":"https:\/\/prosaudesul.com.br\/site\/produto\/syrius-yang\/#breadcrumb"},"inLanguage":"pt-BR","potentialAction":[{"@type":"ReadAction","target":["https:\/\/prosaudesul.com.br\/site\/produto\/syrius-yang\/"]}]},{"@type":"ImageObject","inLanguage":"pt-BR","@id":"https:\/\/prosaudesul.com.br\/site\/produto\/syrius-yang\/#primaryimage","url":"https:\/\/prosaudesul.com.br\/site\/wp-content\/uploads\/2025\/03\/1.jpg","contentUrl":"https:\/\/prosaudesul.com.br\/site\/wp-content\/uploads\/2025\/03\/1.jpg","width":300,"height":300},{"@type":"BreadcrumbList","@id":"https:\/\/prosaudesul.com.br\/site\/produto\/syrius-yang\/#breadcrumb","itemListElement":[{"@type":"ListItem","position":1,"name":"In\u00edcio","item":"https:\/\/prosaudesul.com.br\/site\/"},{"@type":"ListItem","position":2,"name":"Produtos","item":"https:\/\/prosaudesul.com.br\/site\/loja\/"},{"@type":"ListItem","position":3,"name":"Syrius Yang"}]},{"@type":"WebSite","@id":"https:\/\/prosaudesul.com.br\/site\/#website","url":"https:\/\/prosaudesul.com.br\/site\/","name":"Pr\u00f3 Sa\u00fade - Equipamentos M\u00e9dicos e Hospitalares","description":"Caxias do Sul - RS - Telefone: (54) 3227-7600 - Whats: (54) 9 9101-3507 - E-mail: prosaudeprodutos@yahoo.com.br","publisher":{"@id":"https:\/\/prosaudesul.com.br\/site\/#organization"},"potentialAction":[{"@type":"SearchAction","target":{"@type":"EntryPoint","urlTemplate":"https:\/\/prosaudesul.com.br\/site\/?s={search_term_string}"},"query-input":"required name=search_term_string"}],"inLanguage":"pt-BR"},{"@type":"Organization","@id":"https:\/\/prosaudesul.com.br\/site\/#organization","name":"Pr\u00f3 Sa\u00fade - Equipamentos M\u00e9dicos e Hospitalares","url":"https:\/\/prosaudesul.com.br\/site\/","logo":{"@type":"ImageObject","inLanguage":"pt-BR","@id":"https:\/\/prosaudesul.com.br\/site\/#\/schema\/logo\/image\/","url":"https:\/\/prosaudesul.com.br\/site\/wp-content\/uploads\/2023\/06\/logo-pro-saude.png","contentUrl":"https:\/\/prosaudesul.com.br\/site\/wp-content\/uploads\/2023\/06\/logo-pro-saude.png","width":345,"height":86,"caption":"Pr\u00f3 Sa\u00fade -  Equipamentos M\u00e9dicos e Hospitalares"},"image":{"@id":"https:\/\/prosaudesul.com.br\/site\/#\/schema\/logo\/image\/"},"sameAs":["https:\/\/www.facebook.com\/sorgatobrindes","https:\/\/www.instagram.com\/sorgatobrindes\/"]}]}},"_links":{"self":[{"href":"https:\/\/prosaudesul.com.br\/site\/wp-json\/wp\/v2\/product\/6045"}],"collection":[{"href":"https:\/\/prosaudesul.com.br\/site\/wp-json\/wp\/v2\/product"}],"about":[{"href":"https:\/\/prosaudesul.com.br\/site\/wp-json\/wp\/v2\/types\/product"}],"replies":[{"embeddable":true,"href":"https:\/\/prosaudesul.com.br\/site\/wp-json\/wp\/v2\/comments?post=6045"}],"wp:featuredmedia":[{"embeddable":true,"href":"https:\/\/prosaudesul.com.br\/site\/wp-json\/wp\/v2\/media\/6052"}],"wp:attachment":[{"href":"https:\/\/prosaudesul.com.br\/site\/wp-json\/wp\/v2\/media?parent=6045"}],"wp:term":[{"taxonomy":"product_brand","embeddable":true,"href":"https:\/\/prosaudesul.com.br\/site\/wp-json\/wp\/v2\/product_brand?post=6045"},{"taxonomy":"product_cat","embeddable":true,"href":"https:\/\/prosaudesul.com.br\/site\/wp-json\/wp\/v2\/product_cat?post=6045"},{"taxonomy":"product_tag","embeddable":true,"href":"https:\/\/prosaudesul.com.br\/site\/wp-json\/wp\/v2\/product_tag?post=6045"}],"curies":[{"name":"wp","href":"https:\/\/api.w.org\/{rel}","templated":true}]}}