{"id":5617,"date":"2024-08-27T18:24:10","date_gmt":"2024-08-27T21:24:10","guid":{"rendered":"https:\/\/prosaudesul.com.br\/site\/?post_type=product&#038;p=5617"},"modified":"2025-11-10T16:00:41","modified_gmt":"2025-11-10T19:00:41","slug":"new-shaker","status":"publish","type":"product","link":"https:\/\/prosaudesul.com.br\/site\/produto\/new-shaker\/","title":{"rendered":"New Shaker"},"content":{"rendered":"<p>Conte\u00fado da embalagem:<\/p>\n<p>\u25cf 01 New Shaker com bocal em PVC<\/p>\n<p>\u25cf 01 Manual de uso<\/p>\n","protected":false},"excerpt":{"rendered":"<p>Conte\u00fado da embalagem: \u25cf 01 New Shaker com bocal em PVC \u25cf 01 Manual de uso<\/p>\n","protected":false},"featured_media":5905,"comment_status":"closed","ping_status":"closed","template":"","meta":{"_kadence_starter_templates_imported_post":false,"_kad_post_transparent":"default","_kad_post_title":"","_kad_post_layout":"default","_kad_post_sidebar_id":"","_kad_post_content_style":"default","_kad_post_vertical_padding":"default","_kad_post_feature":"","_kad_post_feature_position":"","_kad_post_header":false,"_kad_post_footer":false,"_kad_post_classname":""},"product_brand":[],"product_cat":[57],"product_tag":[],"class_list":{"0":"post-5617","1":"product","2":"type-product","3":"status-publish","4":"has-post-thumbnail","6":"product_cat-fisioterapia-respiratoria","8":"first","9":"instock","10":"shipping-taxable","11":"purchasable","12":"product-type-simple","13":"entry","14":"content-bg","15":"loop-entry"},"yoast_head":"<!-- This site is optimized with the Yoast SEO plugin v23.2 - https:\/\/yoast.com\/wordpress\/plugins\/seo\/ -->\n<title>New Shaker - Pr\u00f3 Sa\u00fade - Equipamentos M\u00e9dicos e Hospitalares<\/title>\n<meta name=\"robots\" content=\"index, follow, max-snippet:-1, max-image-preview:large, max-video-preview:-1\" \/>\n<link rel=\"canonical\" href=\"https:\/\/prosaudesul.com.br\/site\/produto\/new-shaker\/\" \/>\n<meta property=\"og:locale\" content=\"pt_BR\" \/>\n<meta property=\"og:type\" content=\"article\" \/>\n<meta property=\"og:title\" content=\"New Shaker - Pr\u00f3 Sa\u00fade - Equipamentos M\u00e9dicos e Hospitalares\" \/>\n<meta property=\"og:description\" content=\"Conte\u00fado da embalagem: \u25cf 01 New Shaker com bocal em PVC \u25cf 01 Manual de uso\" \/>\n<meta property=\"og:url\" content=\"https:\/\/prosaudesul.com.br\/site\/produto\/new-shaker\/\" \/>\n<meta property=\"og:site_name\" content=\"Pr\u00f3 Sa\u00fade - Equipamentos M\u00e9dicos e Hospitalares\" \/>\n<meta property=\"article:publisher\" content=\"https:\/\/www.facebook.com\/sorgatobrindes\" \/>\n<meta property=\"article:modified_time\" content=\"2025-11-10T19:00:41+00:00\" \/>\n<meta property=\"og:image\" content=\"https:\/\/prosaudesul.com.br\/site\/wp-content\/uploads\/2024\/08\/New-Shaker.jpg\" \/>\n\t<meta property=\"og:image:width\" content=\"720\" \/>\n\t<meta property=\"og:image:height\" content=\"720\" \/>\n\t<meta property=\"og:image:type\" content=\"image\/jpeg\" \/>\n<meta name=\"twitter:card\" content=\"summary_large_image\" \/>\n<meta name=\"twitter:label1\" content=\"Est. tempo de leitura\" \/>\n\t<meta name=\"twitter:data1\" content=\"1 minuto\" \/>\n<script type=\"application\/ld+json\" class=\"yoast-schema-graph\">{\"@context\":\"https:\/\/schema.org\",\"@graph\":[{\"@type\":\"WebPage\",\"@id\":\"https:\/\/prosaudesul.com.br\/site\/produto\/new-shaker\/\",\"url\":\"https:\/\/prosaudesul.com.br\/site\/produto\/new-shaker\/\",\"name\":\"New Shaker - Pr\u00f3 Sa\u00fade - Equipamentos M\u00e9dicos e Hospitalares\",\"isPartOf\":{\"@id\":\"https:\/\/prosaudesul.com.br\/site\/#website\"},\"primaryImageOfPage\":{\"@id\":\"https:\/\/prosaudesul.com.br\/site\/produto\/new-shaker\/#primaryimage\"},\"image\":{\"@id\":\"https:\/\/prosaudesul.com.br\/site\/produto\/new-shaker\/#primaryimage\"},\"thumbnailUrl\":\"https:\/\/prosaudesul.com.br\/site\/wp-content\/uploads\/2024\/08\/New-Shaker.jpg\",\"datePublished\":\"2024-08-27T21:24:10+00:00\",\"dateModified\":\"2025-11-10T19:00:41+00:00\",\"breadcrumb\":{\"@id\":\"https:\/\/prosaudesul.com.br\/site\/produto\/new-shaker\/#breadcrumb\"},\"inLanguage\":\"pt-BR\",\"potentialAction\":[{\"@type\":\"ReadAction\",\"target\":[\"https:\/\/prosaudesul.com.br\/site\/produto\/new-shaker\/\"]}]},{\"@type\":\"ImageObject\",\"inLanguage\":\"pt-BR\",\"@id\":\"https:\/\/prosaudesul.com.br\/site\/produto\/new-shaker\/#primaryimage\",\"url\":\"https:\/\/prosaudesul.com.br\/site\/wp-content\/uploads\/2024\/08\/New-Shaker.jpg\",\"contentUrl\":\"https:\/\/prosaudesul.com.br\/site\/wp-content\/uploads\/2024\/08\/New-Shaker.jpg\",\"width\":720,\"height\":720},{\"@type\":\"BreadcrumbList\",\"@id\":\"https:\/\/prosaudesul.com.br\/site\/produto\/new-shaker\/#breadcrumb\",\"itemListElement\":[{\"@type\":\"ListItem\",\"position\":1,\"name\":\"In\u00edcio\",\"item\":\"https:\/\/prosaudesul.com.br\/site\/\"},{\"@type\":\"ListItem\",\"position\":2,\"name\":\"Produtos\",\"item\":\"https:\/\/prosaudesul.com.br\/site\/loja\/\"},{\"@type\":\"ListItem\",\"position\":3,\"name\":\"New Shaker\"}]},{\"@type\":\"WebSite\",\"@id\":\"https:\/\/prosaudesul.com.br\/site\/#website\",\"url\":\"https:\/\/prosaudesul.com.br\/site\/\",\"name\":\"Pr\u00f3 Sa\u00fade - Equipamentos M\u00e9dicos e Hospitalares\",\"description\":\"Caxias do Sul - RS - Telefone: (54) 3227-7600 - Whats: (54) 9 9101-3507 - E-mail: prosaudeprodutos@yahoo.com.br\",\"publisher\":{\"@id\":\"https:\/\/prosaudesul.com.br\/site\/#organization\"},\"potentialAction\":[{\"@type\":\"SearchAction\",\"target\":{\"@type\":\"EntryPoint\",\"urlTemplate\":\"https:\/\/prosaudesul.com.br\/site\/?s={search_term_string}\"},\"query-input\":\"required name=search_term_string\"}],\"inLanguage\":\"pt-BR\"},{\"@type\":\"Organization\",\"@id\":\"https:\/\/prosaudesul.com.br\/site\/#organization\",\"name\":\"Pr\u00f3 Sa\u00fade - Equipamentos M\u00e9dicos e Hospitalares\",\"url\":\"https:\/\/prosaudesul.com.br\/site\/\",\"logo\":{\"@type\":\"ImageObject\",\"inLanguage\":\"pt-BR\",\"@id\":\"https:\/\/prosaudesul.com.br\/site\/#\/schema\/logo\/image\/\",\"url\":\"https:\/\/prosaudesul.com.br\/site\/wp-content\/uploads\/2023\/06\/logo-pro-saude.png\",\"contentUrl\":\"https:\/\/prosaudesul.com.br\/site\/wp-content\/uploads\/2023\/06\/logo-pro-saude.png\",\"width\":345,\"height\":86,\"caption\":\"Pr\u00f3 Sa\u00fade -  Equipamentos M\u00e9dicos e Hospitalares\"},\"image\":{\"@id\":\"https:\/\/prosaudesul.com.br\/site\/#\/schema\/logo\/image\/\"},\"sameAs\":[\"https:\/\/www.facebook.com\/sorgatobrindes\",\"https:\/\/www.instagram.com\/sorgatobrindes\/\"]}]}<\/script>\n<!-- \/ Yoast SEO plugin. -->","yoast_head_json":{"title":"New Shaker - Pr\u00f3 Sa\u00fade - Equipamentos M\u00e9dicos e Hospitalares","robots":{"index":"index","follow":"follow","max-snippet":"max-snippet:-1","max-image-preview":"max-image-preview:large","max-video-preview":"max-video-preview:-1"},"canonical":"https:\/\/prosaudesul.com.br\/site\/produto\/new-shaker\/","og_locale":"pt_BR","og_type":"article","og_title":"New Shaker - Pr\u00f3 Sa\u00fade - Equipamentos M\u00e9dicos e Hospitalares","og_description":"Conte\u00fado da embalagem: \u25cf 01 New Shaker com bocal em PVC \u25cf 01 Manual de uso","og_url":"https:\/\/prosaudesul.com.br\/site\/produto\/new-shaker\/","og_site_name":"Pr\u00f3 Sa\u00fade - Equipamentos M\u00e9dicos e Hospitalares","article_publisher":"https:\/\/www.facebook.com\/sorgatobrindes","article_modified_time":"2025-11-10T19:00:41+00:00","og_image":[{"width":720,"height":720,"url":"https:\/\/prosaudesul.com.br\/site\/wp-content\/uploads\/2024\/08\/New-Shaker.jpg","type":"image\/jpeg"}],"twitter_card":"summary_large_image","twitter_misc":{"Est. tempo de leitura":"1 minuto"},"schema":{"@context":"https:\/\/schema.org","@graph":[{"@type":"WebPage","@id":"https:\/\/prosaudesul.com.br\/site\/produto\/new-shaker\/","url":"https:\/\/prosaudesul.com.br\/site\/produto\/new-shaker\/","name":"New Shaker - Pr\u00f3 Sa\u00fade - Equipamentos M\u00e9dicos e Hospitalares","isPartOf":{"@id":"https:\/\/prosaudesul.com.br\/site\/#website"},"primaryImageOfPage":{"@id":"https:\/\/prosaudesul.com.br\/site\/produto\/new-shaker\/#primaryimage"},"image":{"@id":"https:\/\/prosaudesul.com.br\/site\/produto\/new-shaker\/#primaryimage"},"thumbnailUrl":"https:\/\/prosaudesul.com.br\/site\/wp-content\/uploads\/2024\/08\/New-Shaker.jpg","datePublished":"2024-08-27T21:24:10+00:00","dateModified":"2025-11-10T19:00:41+00:00","breadcrumb":{"@id":"https:\/\/prosaudesul.com.br\/site\/produto\/new-shaker\/#breadcrumb"},"inLanguage":"pt-BR","potentialAction":[{"@type":"ReadAction","target":["https:\/\/prosaudesul.com.br\/site\/produto\/new-shaker\/"]}]},{"@type":"ImageObject","inLanguage":"pt-BR","@id":"https:\/\/prosaudesul.com.br\/site\/produto\/new-shaker\/#primaryimage","url":"https:\/\/prosaudesul.com.br\/site\/wp-content\/uploads\/2024\/08\/New-Shaker.jpg","contentUrl":"https:\/\/prosaudesul.com.br\/site\/wp-content\/uploads\/2024\/08\/New-Shaker.jpg","width":720,"height":720},{"@type":"BreadcrumbList","@id":"https:\/\/prosaudesul.com.br\/site\/produto\/new-shaker\/#breadcrumb","itemListElement":[{"@type":"ListItem","position":1,"name":"In\u00edcio","item":"https:\/\/prosaudesul.com.br\/site\/"},{"@type":"ListItem","position":2,"name":"Produtos","item":"https:\/\/prosaudesul.com.br\/site\/loja\/"},{"@type":"ListItem","position":3,"name":"New Shaker"}]},{"@type":"WebSite","@id":"https:\/\/prosaudesul.com.br\/site\/#website","url":"https:\/\/prosaudesul.com.br\/site\/","name":"Pr\u00f3 Sa\u00fade - Equipamentos M\u00e9dicos e Hospitalares","description":"Caxias do Sul - RS - Telefone: (54) 3227-7600 - Whats: (54) 9 9101-3507 - E-mail: prosaudeprodutos@yahoo.com.br","publisher":{"@id":"https:\/\/prosaudesul.com.br\/site\/#organization"},"potentialAction":[{"@type":"SearchAction","target":{"@type":"EntryPoint","urlTemplate":"https:\/\/prosaudesul.com.br\/site\/?s={search_term_string}"},"query-input":"required name=search_term_string"}],"inLanguage":"pt-BR"},{"@type":"Organization","@id":"https:\/\/prosaudesul.com.br\/site\/#organization","name":"Pr\u00f3 Sa\u00fade - Equipamentos M\u00e9dicos e Hospitalares","url":"https:\/\/prosaudesul.com.br\/site\/","logo":{"@type":"ImageObject","inLanguage":"pt-BR","@id":"https:\/\/prosaudesul.com.br\/site\/#\/schema\/logo\/image\/","url":"https:\/\/prosaudesul.com.br\/site\/wp-content\/uploads\/2023\/06\/logo-pro-saude.png","contentUrl":"https:\/\/prosaudesul.com.br\/site\/wp-content\/uploads\/2023\/06\/logo-pro-saude.png","width":345,"height":86,"caption":"Pr\u00f3 Sa\u00fade -  Equipamentos M\u00e9dicos e Hospitalares"},"image":{"@id":"https:\/\/prosaudesul.com.br\/site\/#\/schema\/logo\/image\/"},"sameAs":["https:\/\/www.facebook.com\/sorgatobrindes","https:\/\/www.instagram.com\/sorgatobrindes\/"]}]}},"_links":{"self":[{"href":"https:\/\/prosaudesul.com.br\/site\/wp-json\/wp\/v2\/product\/5617"}],"collection":[{"href":"https:\/\/prosaudesul.com.br\/site\/wp-json\/wp\/v2\/product"}],"about":[{"href":"https:\/\/prosaudesul.com.br\/site\/wp-json\/wp\/v2\/types\/product"}],"replies":[{"embeddable":true,"href":"https:\/\/prosaudesul.com.br\/site\/wp-json\/wp\/v2\/comments?post=5617"}],"wp:featuredmedia":[{"embeddable":true,"href":"https:\/\/prosaudesul.com.br\/site\/wp-json\/wp\/v2\/media\/5905"}],"wp:attachment":[{"href":"https:\/\/prosaudesul.com.br\/site\/wp-json\/wp\/v2\/media?parent=5617"}],"wp:term":[{"taxonomy":"product_brand","embeddable":true,"href":"https:\/\/prosaudesul.com.br\/site\/wp-json\/wp\/v2\/product_brand?post=5617"},{"taxonomy":"product_cat","embeddable":true,"href":"https:\/\/prosaudesul.com.br\/site\/wp-json\/wp\/v2\/product_cat?post=5617"},{"taxonomy":"product_tag","embeddable":true,"href":"https:\/\/prosaudesul.com.br\/site\/wp-json\/wp\/v2\/product_tag?post=5617"}],"curies":[{"name":"wp","href":"https:\/\/api.w.org\/{rel}","templated":true}]}}