{"id":5035,"date":"2024-08-21T22:37:10","date_gmt":"2024-08-22T01:37:10","guid":{"rendered":"https:\/\/prosaudesul.com.br\/site\/?post_type=product&#038;p=5035"},"modified":"2024-08-21T22:38:13","modified_gmt":"2024-08-22T01:38:13","slug":"bipap-resmart-t-25t-gii-com-umidificador","status":"publish","type":"product","link":"https:\/\/prosaudesul.com.br\/site\/produto\/bipap-resmart-t-25t-gii-com-umidificador\/","title":{"rendered":"BIPAP RESmart T-25T GII com Umidificador"},"content":{"rendered":"<p>ESPECIFICA\u00c7\u00d5ES;<\/p>\n<p>Fabricante: BMC Medical Co;<br \/>\nModelo: Bipap Gll T-25T;<br \/>\nIntervalo de Press\u00e3o: 4 a 25 cm\/H2O;<br \/>\nModo de Funcionamento: S, CPAP, T, S\/T\/ IPAP: 4,0 &#8211; 25,0 CmH2O;<br \/>\nPress\u00e3o Inspira\u00e7\u00e3o EPAP: 4,0 &#8211; 25,0 CmH2O;<br \/>\nPress\u00e3o Expira\u00e7\u00e3o Rampa: 0 a 60 min;<br \/>\nCompensa\u00e7\u00e3o de Altitude: Auto Altitude Opera\u00e7\u00e3o at\u00e9 2600 metros (~ 8500 p\u00e9s);<br \/>\nAlivio de Press\u00e3o Expirat\u00f3ria: Sim;<br \/>\nArmazenamento de Dados Completo no Cart\u00e3o: sim;<br \/>\nN\u00edvel de Ru\u00eddo: 30dbA;<br \/>\nDimens\u00e3o do Produto(C x L x A): 170mm x 196mm x 118mm;<br \/>\nPeso do Produto: 4,200KG;<br \/>\nVoltagem: 100 V &#8211; 240 V (BiVolt);<br \/>\nGarantia: 12 meses.<\/p>\n","protected":false},"excerpt":{"rendered":"<p>ESPECIFICA\u00c7\u00d5ES; Fabricante: BMC Medical Co; Modelo: Bipap Gll T-25T; Intervalo de Press\u00e3o: 4 a 25 cm\/H2O; Modo de Funcionamento: S, CPAP, T, S\/T\/ IPAP: 4,0 &#8211; 25,0 CmH2O; Press\u00e3o Inspira\u00e7\u00e3o EPAP: 4,0 &#8211; 25,0 CmH2O; Press\u00e3o Expira\u00e7\u00e3o Rampa: 0 a 60 min; Compensa\u00e7\u00e3o de Altitude: Auto Altitude Opera\u00e7\u00e3o at\u00e9 2600 metros (~ 8500 p\u00e9s); Alivio&#8230;<\/p>\n","protected":false},"featured_media":5036,"comment_status":"closed","ping_status":"closed","template":"","meta":{"_kadence_starter_templates_imported_post":false,"_kad_post_transparent":"default","_kad_post_title":"","_kad_post_layout":"default","_kad_post_sidebar_id":"","_kad_post_content_style":"default","_kad_post_vertical_padding":"default","_kad_post_feature":"","_kad_post_feature_position":"","_kad_post_header":false,"_kad_post_footer":false,"_kad_post_classname":""},"product_brand":[],"product_cat":[49],"product_tag":[],"class_list":{"0":"post-5035","1":"product","2":"type-product","3":"status-publish","4":"has-post-thumbnail","6":"product_cat-cpap-bipap-mascaras","8":"first","9":"instock","10":"shipping-taxable","11":"purchasable","12":"product-type-simple","13":"entry","14":"content-bg","15":"loop-entry"},"yoast_head":"<!-- This site is optimized with the Yoast SEO plugin v23.2 - https:\/\/yoast.com\/wordpress\/plugins\/seo\/ -->\n<title>BIPAP RESmart T-25T GII com Umidificador - Pr\u00f3 Sa\u00fade - Equipamentos M\u00e9dicos e Hospitalares<\/title>\n<meta name=\"robots\" content=\"index, follow, max-snippet:-1, max-image-preview:large, max-video-preview:-1\" \/>\n<link rel=\"canonical\" href=\"https:\/\/prosaudesul.com.br\/site\/produto\/bipap-resmart-t-25t-gii-com-umidificador\/\" \/>\n<meta property=\"og:locale\" content=\"pt_BR\" \/>\n<meta property=\"og:type\" content=\"article\" \/>\n<meta property=\"og:title\" content=\"BIPAP RESmart T-25T GII com Umidificador - Pr\u00f3 Sa\u00fade - Equipamentos M\u00e9dicos e Hospitalares\" \/>\n<meta property=\"og:description\" content=\"ESPECIFICA\u00c7\u00d5ES; Fabricante: BMC Medical Co; Modelo: Bipap Gll T-25T; Intervalo de Press\u00e3o: 4 a 25 cm\/H2O; Modo de Funcionamento: S, CPAP, T, S\/T\/ IPAP: 4,0 &#8211; 25,0 CmH2O; Press\u00e3o Inspira\u00e7\u00e3o EPAP: 4,0 &#8211; 25,0 CmH2O; Press\u00e3o Expira\u00e7\u00e3o Rampa: 0 a 60 min; Compensa\u00e7\u00e3o de Altitude: Auto Altitude Opera\u00e7\u00e3o at\u00e9 2600 metros (~ 8500 p\u00e9s); Alivio...\" \/>\n<meta property=\"og:url\" content=\"https:\/\/prosaudesul.com.br\/site\/produto\/bipap-resmart-t-25t-gii-com-umidificador\/\" \/>\n<meta property=\"og:site_name\" content=\"Pr\u00f3 Sa\u00fade - Equipamentos M\u00e9dicos e Hospitalares\" \/>\n<meta property=\"article:publisher\" content=\"https:\/\/www.facebook.com\/sorgatobrindes\" \/>\n<meta property=\"article:modified_time\" content=\"2024-08-22T01:38:13+00:00\" \/>\n<meta property=\"og:image\" content=\"https:\/\/prosaudesul.com.br\/site\/wp-content\/uploads\/2024\/08\/BIPAP-RESmart-T-25T-GII-com-Umidificador.jpg\" \/>\n\t<meta property=\"og:image:width\" content=\"720\" \/>\n\t<meta property=\"og:image:height\" content=\"720\" \/>\n\t<meta property=\"og:image:type\" content=\"image\/jpeg\" \/>\n<meta name=\"twitter:card\" content=\"summary_large_image\" \/>\n<meta name=\"twitter:label1\" content=\"Est. tempo de leitura\" \/>\n\t<meta name=\"twitter:data1\" content=\"1 minuto\" \/>\n<script type=\"application\/ld+json\" class=\"yoast-schema-graph\">{\"@context\":\"https:\/\/schema.org\",\"@graph\":[{\"@type\":\"WebPage\",\"@id\":\"https:\/\/prosaudesul.com.br\/site\/produto\/bipap-resmart-t-25t-gii-com-umidificador\/\",\"url\":\"https:\/\/prosaudesul.com.br\/site\/produto\/bipap-resmart-t-25t-gii-com-umidificador\/\",\"name\":\"BIPAP RESmart T-25T GII com Umidificador - Pr\u00f3 Sa\u00fade - Equipamentos M\u00e9dicos e Hospitalares\",\"isPartOf\":{\"@id\":\"https:\/\/prosaudesul.com.br\/site\/#website\"},\"primaryImageOfPage\":{\"@id\":\"https:\/\/prosaudesul.com.br\/site\/produto\/bipap-resmart-t-25t-gii-com-umidificador\/#primaryimage\"},\"image\":{\"@id\":\"https:\/\/prosaudesul.com.br\/site\/produto\/bipap-resmart-t-25t-gii-com-umidificador\/#primaryimage\"},\"thumbnailUrl\":\"https:\/\/prosaudesul.com.br\/site\/wp-content\/uploads\/2024\/08\/BIPAP-RESmart-T-25T-GII-com-Umidificador.jpg\",\"datePublished\":\"2024-08-22T01:37:10+00:00\",\"dateModified\":\"2024-08-22T01:38:13+00:00\",\"breadcrumb\":{\"@id\":\"https:\/\/prosaudesul.com.br\/site\/produto\/bipap-resmart-t-25t-gii-com-umidificador\/#breadcrumb\"},\"inLanguage\":\"pt-BR\",\"potentialAction\":[{\"@type\":\"ReadAction\",\"target\":[\"https:\/\/prosaudesul.com.br\/site\/produto\/bipap-resmart-t-25t-gii-com-umidificador\/\"]}]},{\"@type\":\"ImageObject\",\"inLanguage\":\"pt-BR\",\"@id\":\"https:\/\/prosaudesul.com.br\/site\/produto\/bipap-resmart-t-25t-gii-com-umidificador\/#primaryimage\",\"url\":\"https:\/\/prosaudesul.com.br\/site\/wp-content\/uploads\/2024\/08\/BIPAP-RESmart-T-25T-GII-com-Umidificador.jpg\",\"contentUrl\":\"https:\/\/prosaudesul.com.br\/site\/wp-content\/uploads\/2024\/08\/BIPAP-RESmart-T-25T-GII-com-Umidificador.jpg\",\"width\":720,\"height\":720},{\"@type\":\"BreadcrumbList\",\"@id\":\"https:\/\/prosaudesul.com.br\/site\/produto\/bipap-resmart-t-25t-gii-com-umidificador\/#breadcrumb\",\"itemListElement\":[{\"@type\":\"ListItem\",\"position\":1,\"name\":\"In\u00edcio\",\"item\":\"https:\/\/prosaudesul.com.br\/site\/\"},{\"@type\":\"ListItem\",\"position\":2,\"name\":\"Produtos\",\"item\":\"https:\/\/prosaudesul.com.br\/site\/loja\/\"},{\"@type\":\"ListItem\",\"position\":3,\"name\":\"BIPAP RESmart T-25T GII com Umidificador\"}]},{\"@type\":\"WebSite\",\"@id\":\"https:\/\/prosaudesul.com.br\/site\/#website\",\"url\":\"https:\/\/prosaudesul.com.br\/site\/\",\"name\":\"Pr\u00f3 Sa\u00fade - Equipamentos M\u00e9dicos e Hospitalares\",\"description\":\"Caxias do Sul - RS - Telefone: (54) 3227-7600 - Whats: (54) 9 9101-3507 - E-mail: prosaudeprodutos@yahoo.com.br\",\"publisher\":{\"@id\":\"https:\/\/prosaudesul.com.br\/site\/#organization\"},\"potentialAction\":[{\"@type\":\"SearchAction\",\"target\":{\"@type\":\"EntryPoint\",\"urlTemplate\":\"https:\/\/prosaudesul.com.br\/site\/?s={search_term_string}\"},\"query-input\":\"required name=search_term_string\"}],\"inLanguage\":\"pt-BR\"},{\"@type\":\"Organization\",\"@id\":\"https:\/\/prosaudesul.com.br\/site\/#organization\",\"name\":\"Pr\u00f3 Sa\u00fade - Equipamentos M\u00e9dicos e Hospitalares\",\"url\":\"https:\/\/prosaudesul.com.br\/site\/\",\"logo\":{\"@type\":\"ImageObject\",\"inLanguage\":\"pt-BR\",\"@id\":\"https:\/\/prosaudesul.com.br\/site\/#\/schema\/logo\/image\/\",\"url\":\"https:\/\/prosaudesul.com.br\/site\/wp-content\/uploads\/2023\/06\/logo-pro-saude.png\",\"contentUrl\":\"https:\/\/prosaudesul.com.br\/site\/wp-content\/uploads\/2023\/06\/logo-pro-saude.png\",\"width\":345,\"height\":86,\"caption\":\"Pr\u00f3 Sa\u00fade -  Equipamentos M\u00e9dicos e Hospitalares\"},\"image\":{\"@id\":\"https:\/\/prosaudesul.com.br\/site\/#\/schema\/logo\/image\/\"},\"sameAs\":[\"https:\/\/www.facebook.com\/sorgatobrindes\",\"https:\/\/www.instagram.com\/sorgatobrindes\/\"]}]}<\/script>\n<!-- \/ Yoast SEO plugin. -->","yoast_head_json":{"title":"BIPAP RESmart T-25T GII com Umidificador - Pr\u00f3 Sa\u00fade - Equipamentos M\u00e9dicos e Hospitalares","robots":{"index":"index","follow":"follow","max-snippet":"max-snippet:-1","max-image-preview":"max-image-preview:large","max-video-preview":"max-video-preview:-1"},"canonical":"https:\/\/prosaudesul.com.br\/site\/produto\/bipap-resmart-t-25t-gii-com-umidificador\/","og_locale":"pt_BR","og_type":"article","og_title":"BIPAP RESmart T-25T GII com Umidificador - Pr\u00f3 Sa\u00fade - Equipamentos M\u00e9dicos e Hospitalares","og_description":"ESPECIFICA\u00c7\u00d5ES; Fabricante: BMC Medical Co; Modelo: Bipap Gll T-25T; Intervalo de Press\u00e3o: 4 a 25 cm\/H2O; Modo de Funcionamento: S, CPAP, T, S\/T\/ IPAP: 4,0 &#8211; 25,0 CmH2O; Press\u00e3o Inspira\u00e7\u00e3o EPAP: 4,0 &#8211; 25,0 CmH2O; Press\u00e3o Expira\u00e7\u00e3o Rampa: 0 a 60 min; Compensa\u00e7\u00e3o de Altitude: Auto Altitude Opera\u00e7\u00e3o at\u00e9 2600 metros (~ 8500 p\u00e9s); Alivio...","og_url":"https:\/\/prosaudesul.com.br\/site\/produto\/bipap-resmart-t-25t-gii-com-umidificador\/","og_site_name":"Pr\u00f3 Sa\u00fade - Equipamentos M\u00e9dicos e Hospitalares","article_publisher":"https:\/\/www.facebook.com\/sorgatobrindes","article_modified_time":"2024-08-22T01:38:13+00:00","og_image":[{"width":720,"height":720,"url":"https:\/\/prosaudesul.com.br\/site\/wp-content\/uploads\/2024\/08\/BIPAP-RESmart-T-25T-GII-com-Umidificador.jpg","type":"image\/jpeg"}],"twitter_card":"summary_large_image","twitter_misc":{"Est. tempo de leitura":"1 minuto"},"schema":{"@context":"https:\/\/schema.org","@graph":[{"@type":"WebPage","@id":"https:\/\/prosaudesul.com.br\/site\/produto\/bipap-resmart-t-25t-gii-com-umidificador\/","url":"https:\/\/prosaudesul.com.br\/site\/produto\/bipap-resmart-t-25t-gii-com-umidificador\/","name":"BIPAP RESmart T-25T GII com Umidificador - Pr\u00f3 Sa\u00fade - Equipamentos M\u00e9dicos e Hospitalares","isPartOf":{"@id":"https:\/\/prosaudesul.com.br\/site\/#website"},"primaryImageOfPage":{"@id":"https:\/\/prosaudesul.com.br\/site\/produto\/bipap-resmart-t-25t-gii-com-umidificador\/#primaryimage"},"image":{"@id":"https:\/\/prosaudesul.com.br\/site\/produto\/bipap-resmart-t-25t-gii-com-umidificador\/#primaryimage"},"thumbnailUrl":"https:\/\/prosaudesul.com.br\/site\/wp-content\/uploads\/2024\/08\/BIPAP-RESmart-T-25T-GII-com-Umidificador.jpg","datePublished":"2024-08-22T01:37:10+00:00","dateModified":"2024-08-22T01:38:13+00:00","breadcrumb":{"@id":"https:\/\/prosaudesul.com.br\/site\/produto\/bipap-resmart-t-25t-gii-com-umidificador\/#breadcrumb"},"inLanguage":"pt-BR","potentialAction":[{"@type":"ReadAction","target":["https:\/\/prosaudesul.com.br\/site\/produto\/bipap-resmart-t-25t-gii-com-umidificador\/"]}]},{"@type":"ImageObject","inLanguage":"pt-BR","@id":"https:\/\/prosaudesul.com.br\/site\/produto\/bipap-resmart-t-25t-gii-com-umidificador\/#primaryimage","url":"https:\/\/prosaudesul.com.br\/site\/wp-content\/uploads\/2024\/08\/BIPAP-RESmart-T-25T-GII-com-Umidificador.jpg","contentUrl":"https:\/\/prosaudesul.com.br\/site\/wp-content\/uploads\/2024\/08\/BIPAP-RESmart-T-25T-GII-com-Umidificador.jpg","width":720,"height":720},{"@type":"BreadcrumbList","@id":"https:\/\/prosaudesul.com.br\/site\/produto\/bipap-resmart-t-25t-gii-com-umidificador\/#breadcrumb","itemListElement":[{"@type":"ListItem","position":1,"name":"In\u00edcio","item":"https:\/\/prosaudesul.com.br\/site\/"},{"@type":"ListItem","position":2,"name":"Produtos","item":"https:\/\/prosaudesul.com.br\/site\/loja\/"},{"@type":"ListItem","position":3,"name":"BIPAP RESmart T-25T GII com Umidificador"}]},{"@type":"WebSite","@id":"https:\/\/prosaudesul.com.br\/site\/#website","url":"https:\/\/prosaudesul.com.br\/site\/","name":"Pr\u00f3 Sa\u00fade - Equipamentos M\u00e9dicos e Hospitalares","description":"Caxias do Sul - RS - Telefone: (54) 3227-7600 - Whats: (54) 9 9101-3507 - E-mail: prosaudeprodutos@yahoo.com.br","publisher":{"@id":"https:\/\/prosaudesul.com.br\/site\/#organization"},"potentialAction":[{"@type":"SearchAction","target":{"@type":"EntryPoint","urlTemplate":"https:\/\/prosaudesul.com.br\/site\/?s={search_term_string}"},"query-input":"required name=search_term_string"}],"inLanguage":"pt-BR"},{"@type":"Organization","@id":"https:\/\/prosaudesul.com.br\/site\/#organization","name":"Pr\u00f3 Sa\u00fade - Equipamentos M\u00e9dicos e Hospitalares","url":"https:\/\/prosaudesul.com.br\/site\/","logo":{"@type":"ImageObject","inLanguage":"pt-BR","@id":"https:\/\/prosaudesul.com.br\/site\/#\/schema\/logo\/image\/","url":"https:\/\/prosaudesul.com.br\/site\/wp-content\/uploads\/2023\/06\/logo-pro-saude.png","contentUrl":"https:\/\/prosaudesul.com.br\/site\/wp-content\/uploads\/2023\/06\/logo-pro-saude.png","width":345,"height":86,"caption":"Pr\u00f3 Sa\u00fade -  Equipamentos M\u00e9dicos e Hospitalares"},"image":{"@id":"https:\/\/prosaudesul.com.br\/site\/#\/schema\/logo\/image\/"},"sameAs":["https:\/\/www.facebook.com\/sorgatobrindes","https:\/\/www.instagram.com\/sorgatobrindes\/"]}]}},"_links":{"self":[{"href":"https:\/\/prosaudesul.com.br\/site\/wp-json\/wp\/v2\/product\/5035"}],"collection":[{"href":"https:\/\/prosaudesul.com.br\/site\/wp-json\/wp\/v2\/product"}],"about":[{"href":"https:\/\/prosaudesul.com.br\/site\/wp-json\/wp\/v2\/types\/product"}],"replies":[{"embeddable":true,"href":"https:\/\/prosaudesul.com.br\/site\/wp-json\/wp\/v2\/comments?post=5035"}],"wp:featuredmedia":[{"embeddable":true,"href":"https:\/\/prosaudesul.com.br\/site\/wp-json\/wp\/v2\/media\/5036"}],"wp:attachment":[{"href":"https:\/\/prosaudesul.com.br\/site\/wp-json\/wp\/v2\/media?parent=5035"}],"wp:term":[{"taxonomy":"product_brand","embeddable":true,"href":"https:\/\/prosaudesul.com.br\/site\/wp-json\/wp\/v2\/product_brand?post=5035"},{"taxonomy":"product_cat","embeddable":true,"href":"https:\/\/prosaudesul.com.br\/site\/wp-json\/wp\/v2\/product_cat?post=5035"},{"taxonomy":"product_tag","embeddable":true,"href":"https:\/\/prosaudesul.com.br\/site\/wp-json\/wp\/v2\/product_tag?post=5035"}],"curies":[{"name":"wp","href":"https:\/\/api.w.org\/{rel}","templated":true}]}}