{"id":4354,"date":"2024-08-20T19:48:06","date_gmt":"2024-08-20T19:48:06","guid":{"rendered":"https:\/\/prosaudesul.com.br\/site\/?post_type=product&#038;p=4354"},"modified":"2024-12-19T10:40:43","modified_gmt":"2024-12-19T13:40:43","slug":"sonopulse-ii-terapeutico-estetico","status":"publish","type":"product","link":"https:\/\/prosaudesul.com.br\/site\/produto\/sonopulse-ii-terapeutico-estetico\/","title":{"rendered":"Sonopulse II &#8211; Terap\u00eautico \/ Est\u00e9tico"},"content":{"rendered":"<p>Terapia Combinada<\/p>\n<p>Correntes:<br \/>\n\u25cf Russa, Interferencial, Polarizada, High Volt, Aussie,<br \/>\n\u25cf TENS, FES e Microcorrente, de forma isolada ou associada<br \/>\n\u25cf 7 canais de sa\u00edda, sendo:<br \/>\n\u25cf 4 para eletroestimula\u00e7\u00e3o,<br \/>\n\u25cf 2 canais de sa\u00edda para corrente High Volt e<br \/>\n\u25cf 1 canal para conex\u00e3o do transdutor ultrass\u00f4nico.<br \/>\n\u25cf 160 protocolos pr\u00e9 programados e at\u00e9 10 particulares<\/p>\n<p>Permite o ajuste da emiss\u00e3o do ultra-som, podendo ser cont\u00ednuo, pulsado ou super pulsado, sendo que o segundo e terceiro modo possuem frequ\u00eancias de repeti\u00e7\u00e3o do pulso de 100 Hz, 48 Hz ou 16 Hz e com raz\u00e3o de pulso de 3\/4 (75%), 1\/2 (50%) e 1\/5 (20%).<\/p>\n","protected":false},"excerpt":{"rendered":"<p>Terapia Combinada Correntes: \u25cf Russa, Interferencial, Polarizada, High Volt, Aussie, \u25cf TENS, FES e Microcorrente, de forma isolada ou associada \u25cf 7 canais de sa\u00edda, sendo: \u25cf 4 para eletroestimula\u00e7\u00e3o, \u25cf 2 canais de sa\u00edda para corrente High Volt e \u25cf 1 canal para conex\u00e3o do transdutor ultrass\u00f4nico. \u25cf 160 protocolos pr\u00e9 programados e at\u00e9&#8230;<\/p>\n","protected":false},"featured_media":5728,"comment_status":"open","ping_status":"closed","template":"","meta":{"_kadence_starter_templates_imported_post":false,"_kad_post_transparent":"default","_kad_post_title":"","_kad_post_layout":"default","_kad_post_sidebar_id":"","_kad_post_content_style":"default","_kad_post_vertical_padding":"default","_kad_post_feature":"","_kad_post_feature_position":"","_kad_post_header":false,"_kad_post_footer":false,"_kad_post_classname":""},"product_brand":[],"product_cat":[53],"product_tag":[],"class_list":{"0":"post-4354","1":"product","2":"type-product","3":"status-publish","4":"has-post-thumbnail","6":"product_cat-eletroterapia-ibramed","8":"first","9":"instock","10":"shipping-taxable","11":"product-type-simple","12":"entry","13":"content-bg","14":"loop-entry"},"yoast_head":"<!-- This site is optimized with the Yoast SEO plugin v23.2 - https:\/\/yoast.com\/wordpress\/plugins\/seo\/ -->\n<title>Sonopulse II - Terap\u00eautico \/ Est\u00e9tico - Pr\u00f3 Sa\u00fade - Equipamentos M\u00e9dicos e Hospitalares<\/title>\n<meta name=\"robots\" content=\"index, follow, max-snippet:-1, max-image-preview:large, max-video-preview:-1\" \/>\n<link rel=\"canonical\" href=\"https:\/\/prosaudesul.com.br\/site\/produto\/sonopulse-ii-terapeutico-estetico\/\" \/>\n<meta property=\"og:locale\" content=\"pt_BR\" \/>\n<meta property=\"og:type\" content=\"article\" \/>\n<meta property=\"og:title\" content=\"Sonopulse II - Terap\u00eautico \/ Est\u00e9tico - Pr\u00f3 Sa\u00fade - Equipamentos M\u00e9dicos e Hospitalares\" \/>\n<meta property=\"og:description\" content=\"Terapia Combinada Correntes: \u25cf Russa, Interferencial, Polarizada, High Volt, Aussie, \u25cf TENS, FES e Microcorrente, de forma isolada ou associada \u25cf 7 canais de sa\u00edda, sendo: \u25cf 4 para eletroestimula\u00e7\u00e3o, \u25cf 2 canais de sa\u00edda para corrente High Volt e \u25cf 1 canal para conex\u00e3o do transdutor ultrass\u00f4nico. \u25cf 160 protocolos pr\u00e9 programados e at\u00e9...\" \/>\n<meta property=\"og:url\" content=\"https:\/\/prosaudesul.com.br\/site\/produto\/sonopulse-ii-terapeutico-estetico\/\" \/>\n<meta property=\"og:site_name\" content=\"Pr\u00f3 Sa\u00fade - Equipamentos M\u00e9dicos e Hospitalares\" \/>\n<meta property=\"article:publisher\" content=\"https:\/\/www.facebook.com\/sorgatobrindes\" \/>\n<meta property=\"article:modified_time\" content=\"2024-12-19T13:40:43+00:00\" \/>\n<meta property=\"og:image\" content=\"https:\/\/prosaudesul.com.br\/site\/wp-content\/uploads\/2024\/08\/Sonopulse-II-Terapeutico_Estetico.jpg\" \/>\n\t<meta property=\"og:image:width\" content=\"720\" \/>\n\t<meta property=\"og:image:height\" content=\"720\" \/>\n\t<meta property=\"og:image:type\" content=\"image\/jpeg\" \/>\n<meta name=\"twitter:card\" content=\"summary_large_image\" \/>\n<meta name=\"twitter:label1\" content=\"Est. tempo de leitura\" \/>\n\t<meta name=\"twitter:data1\" content=\"1 minuto\" \/>\n<script type=\"application\/ld+json\" class=\"yoast-schema-graph\">{\"@context\":\"https:\/\/schema.org\",\"@graph\":[{\"@type\":\"WebPage\",\"@id\":\"https:\/\/prosaudesul.com.br\/site\/produto\/sonopulse-ii-terapeutico-estetico\/\",\"url\":\"https:\/\/prosaudesul.com.br\/site\/produto\/sonopulse-ii-terapeutico-estetico\/\",\"name\":\"Sonopulse II - Terap\u00eautico \/ Est\u00e9tico - Pr\u00f3 Sa\u00fade - Equipamentos M\u00e9dicos e Hospitalares\",\"isPartOf\":{\"@id\":\"https:\/\/prosaudesul.com.br\/site\/#website\"},\"primaryImageOfPage\":{\"@id\":\"https:\/\/prosaudesul.com.br\/site\/produto\/sonopulse-ii-terapeutico-estetico\/#primaryimage\"},\"image\":{\"@id\":\"https:\/\/prosaudesul.com.br\/site\/produto\/sonopulse-ii-terapeutico-estetico\/#primaryimage\"},\"thumbnailUrl\":\"https:\/\/prosaudesul.com.br\/site\/wp-content\/uploads\/2024\/08\/Sonopulse-II-Terapeutico_Estetico.jpg\",\"datePublished\":\"2024-08-20T19:48:06+00:00\",\"dateModified\":\"2024-12-19T13:40:43+00:00\",\"breadcrumb\":{\"@id\":\"https:\/\/prosaudesul.com.br\/site\/produto\/sonopulse-ii-terapeutico-estetico\/#breadcrumb\"},\"inLanguage\":\"pt-BR\",\"potentialAction\":[{\"@type\":\"ReadAction\",\"target\":[\"https:\/\/prosaudesul.com.br\/site\/produto\/sonopulse-ii-terapeutico-estetico\/\"]}]},{\"@type\":\"ImageObject\",\"inLanguage\":\"pt-BR\",\"@id\":\"https:\/\/prosaudesul.com.br\/site\/produto\/sonopulse-ii-terapeutico-estetico\/#primaryimage\",\"url\":\"https:\/\/prosaudesul.com.br\/site\/wp-content\/uploads\/2024\/08\/Sonopulse-II-Terapeutico_Estetico.jpg\",\"contentUrl\":\"https:\/\/prosaudesul.com.br\/site\/wp-content\/uploads\/2024\/08\/Sonopulse-II-Terapeutico_Estetico.jpg\",\"width\":720,\"height\":720},{\"@type\":\"BreadcrumbList\",\"@id\":\"https:\/\/prosaudesul.com.br\/site\/produto\/sonopulse-ii-terapeutico-estetico\/#breadcrumb\",\"itemListElement\":[{\"@type\":\"ListItem\",\"position\":1,\"name\":\"In\u00edcio\",\"item\":\"https:\/\/prosaudesul.com.br\/site\/\"},{\"@type\":\"ListItem\",\"position\":2,\"name\":\"Produtos\",\"item\":\"https:\/\/prosaudesul.com.br\/site\/loja\/\"},{\"@type\":\"ListItem\",\"position\":3,\"name\":\"Sonopulse II &#8211; Terap\u00eautico \/ Est\u00e9tico\"}]},{\"@type\":\"WebSite\",\"@id\":\"https:\/\/prosaudesul.com.br\/site\/#website\",\"url\":\"https:\/\/prosaudesul.com.br\/site\/\",\"name\":\"Pr\u00f3 Sa\u00fade - Equipamentos M\u00e9dicos e Hospitalares\",\"description\":\"Caxias do Sul - RS - Telefone: (54) 3227-7600 - Whats: (54) 9 9101-3507 - E-mail: prosaudeprodutos@yahoo.com.br\",\"publisher\":{\"@id\":\"https:\/\/prosaudesul.com.br\/site\/#organization\"},\"potentialAction\":[{\"@type\":\"SearchAction\",\"target\":{\"@type\":\"EntryPoint\",\"urlTemplate\":\"https:\/\/prosaudesul.com.br\/site\/?s={search_term_string}\"},\"query-input\":\"required name=search_term_string\"}],\"inLanguage\":\"pt-BR\"},{\"@type\":\"Organization\",\"@id\":\"https:\/\/prosaudesul.com.br\/site\/#organization\",\"name\":\"Pr\u00f3 Sa\u00fade - Equipamentos M\u00e9dicos e Hospitalares\",\"url\":\"https:\/\/prosaudesul.com.br\/site\/\",\"logo\":{\"@type\":\"ImageObject\",\"inLanguage\":\"pt-BR\",\"@id\":\"https:\/\/prosaudesul.com.br\/site\/#\/schema\/logo\/image\/\",\"url\":\"https:\/\/prosaudesul.com.br\/site\/wp-content\/uploads\/2023\/06\/logo-pro-saude.png\",\"contentUrl\":\"https:\/\/prosaudesul.com.br\/site\/wp-content\/uploads\/2023\/06\/logo-pro-saude.png\",\"width\":345,\"height\":86,\"caption\":\"Pr\u00f3 Sa\u00fade -  Equipamentos M\u00e9dicos e Hospitalares\"},\"image\":{\"@id\":\"https:\/\/prosaudesul.com.br\/site\/#\/schema\/logo\/image\/\"},\"sameAs\":[\"https:\/\/www.facebook.com\/sorgatobrindes\",\"https:\/\/www.instagram.com\/sorgatobrindes\/\"]}]}<\/script>\n<!-- \/ Yoast SEO plugin. -->","yoast_head_json":{"title":"Sonopulse II - Terap\u00eautico \/ Est\u00e9tico - Pr\u00f3 Sa\u00fade - Equipamentos M\u00e9dicos e Hospitalares","robots":{"index":"index","follow":"follow","max-snippet":"max-snippet:-1","max-image-preview":"max-image-preview:large","max-video-preview":"max-video-preview:-1"},"canonical":"https:\/\/prosaudesul.com.br\/site\/produto\/sonopulse-ii-terapeutico-estetico\/","og_locale":"pt_BR","og_type":"article","og_title":"Sonopulse II - Terap\u00eautico \/ Est\u00e9tico - Pr\u00f3 Sa\u00fade - Equipamentos M\u00e9dicos e Hospitalares","og_description":"Terapia Combinada Correntes: \u25cf Russa, Interferencial, Polarizada, High Volt, Aussie, \u25cf TENS, FES e Microcorrente, de forma isolada ou associada \u25cf 7 canais de sa\u00edda, sendo: \u25cf 4 para eletroestimula\u00e7\u00e3o, \u25cf 2 canais de sa\u00edda para corrente High Volt e \u25cf 1 canal para conex\u00e3o do transdutor ultrass\u00f4nico. \u25cf 160 protocolos pr\u00e9 programados e at\u00e9...","og_url":"https:\/\/prosaudesul.com.br\/site\/produto\/sonopulse-ii-terapeutico-estetico\/","og_site_name":"Pr\u00f3 Sa\u00fade - Equipamentos M\u00e9dicos e Hospitalares","article_publisher":"https:\/\/www.facebook.com\/sorgatobrindes","article_modified_time":"2024-12-19T13:40:43+00:00","og_image":[{"width":720,"height":720,"url":"https:\/\/prosaudesul.com.br\/site\/wp-content\/uploads\/2024\/08\/Sonopulse-II-Terapeutico_Estetico.jpg","type":"image\/jpeg"}],"twitter_card":"summary_large_image","twitter_misc":{"Est. tempo de leitura":"1 minuto"},"schema":{"@context":"https:\/\/schema.org","@graph":[{"@type":"WebPage","@id":"https:\/\/prosaudesul.com.br\/site\/produto\/sonopulse-ii-terapeutico-estetico\/","url":"https:\/\/prosaudesul.com.br\/site\/produto\/sonopulse-ii-terapeutico-estetico\/","name":"Sonopulse II - Terap\u00eautico \/ Est\u00e9tico - Pr\u00f3 Sa\u00fade - Equipamentos M\u00e9dicos e Hospitalares","isPartOf":{"@id":"https:\/\/prosaudesul.com.br\/site\/#website"},"primaryImageOfPage":{"@id":"https:\/\/prosaudesul.com.br\/site\/produto\/sonopulse-ii-terapeutico-estetico\/#primaryimage"},"image":{"@id":"https:\/\/prosaudesul.com.br\/site\/produto\/sonopulse-ii-terapeutico-estetico\/#primaryimage"},"thumbnailUrl":"https:\/\/prosaudesul.com.br\/site\/wp-content\/uploads\/2024\/08\/Sonopulse-II-Terapeutico_Estetico.jpg","datePublished":"2024-08-20T19:48:06+00:00","dateModified":"2024-12-19T13:40:43+00:00","breadcrumb":{"@id":"https:\/\/prosaudesul.com.br\/site\/produto\/sonopulse-ii-terapeutico-estetico\/#breadcrumb"},"inLanguage":"pt-BR","potentialAction":[{"@type":"ReadAction","target":["https:\/\/prosaudesul.com.br\/site\/produto\/sonopulse-ii-terapeutico-estetico\/"]}]},{"@type":"ImageObject","inLanguage":"pt-BR","@id":"https:\/\/prosaudesul.com.br\/site\/produto\/sonopulse-ii-terapeutico-estetico\/#primaryimage","url":"https:\/\/prosaudesul.com.br\/site\/wp-content\/uploads\/2024\/08\/Sonopulse-II-Terapeutico_Estetico.jpg","contentUrl":"https:\/\/prosaudesul.com.br\/site\/wp-content\/uploads\/2024\/08\/Sonopulse-II-Terapeutico_Estetico.jpg","width":720,"height":720},{"@type":"BreadcrumbList","@id":"https:\/\/prosaudesul.com.br\/site\/produto\/sonopulse-ii-terapeutico-estetico\/#breadcrumb","itemListElement":[{"@type":"ListItem","position":1,"name":"In\u00edcio","item":"https:\/\/prosaudesul.com.br\/site\/"},{"@type":"ListItem","position":2,"name":"Produtos","item":"https:\/\/prosaudesul.com.br\/site\/loja\/"},{"@type":"ListItem","position":3,"name":"Sonopulse II &#8211; Terap\u00eautico \/ Est\u00e9tico"}]},{"@type":"WebSite","@id":"https:\/\/prosaudesul.com.br\/site\/#website","url":"https:\/\/prosaudesul.com.br\/site\/","name":"Pr\u00f3 Sa\u00fade - Equipamentos M\u00e9dicos e Hospitalares","description":"Caxias do Sul - RS - Telefone: (54) 3227-7600 - Whats: (54) 9 9101-3507 - E-mail: prosaudeprodutos@yahoo.com.br","publisher":{"@id":"https:\/\/prosaudesul.com.br\/site\/#organization"},"potentialAction":[{"@type":"SearchAction","target":{"@type":"EntryPoint","urlTemplate":"https:\/\/prosaudesul.com.br\/site\/?s={search_term_string}"},"query-input":"required name=search_term_string"}],"inLanguage":"pt-BR"},{"@type":"Organization","@id":"https:\/\/prosaudesul.com.br\/site\/#organization","name":"Pr\u00f3 Sa\u00fade - Equipamentos M\u00e9dicos e Hospitalares","url":"https:\/\/prosaudesul.com.br\/site\/","logo":{"@type":"ImageObject","inLanguage":"pt-BR","@id":"https:\/\/prosaudesul.com.br\/site\/#\/schema\/logo\/image\/","url":"https:\/\/prosaudesul.com.br\/site\/wp-content\/uploads\/2023\/06\/logo-pro-saude.png","contentUrl":"https:\/\/prosaudesul.com.br\/site\/wp-content\/uploads\/2023\/06\/logo-pro-saude.png","width":345,"height":86,"caption":"Pr\u00f3 Sa\u00fade -  Equipamentos M\u00e9dicos e Hospitalares"},"image":{"@id":"https:\/\/prosaudesul.com.br\/site\/#\/schema\/logo\/image\/"},"sameAs":["https:\/\/www.facebook.com\/sorgatobrindes","https:\/\/www.instagram.com\/sorgatobrindes\/"]}]}},"_links":{"self":[{"href":"https:\/\/prosaudesul.com.br\/site\/wp-json\/wp\/v2\/product\/4354"}],"collection":[{"href":"https:\/\/prosaudesul.com.br\/site\/wp-json\/wp\/v2\/product"}],"about":[{"href":"https:\/\/prosaudesul.com.br\/site\/wp-json\/wp\/v2\/types\/product"}],"replies":[{"embeddable":true,"href":"https:\/\/prosaudesul.com.br\/site\/wp-json\/wp\/v2\/comments?post=4354"}],"wp:featuredmedia":[{"embeddable":true,"href":"https:\/\/prosaudesul.com.br\/site\/wp-json\/wp\/v2\/media\/5728"}],"wp:attachment":[{"href":"https:\/\/prosaudesul.com.br\/site\/wp-json\/wp\/v2\/media?parent=4354"}],"wp:term":[{"taxonomy":"product_brand","embeddable":true,"href":"https:\/\/prosaudesul.com.br\/site\/wp-json\/wp\/v2\/product_brand?post=4354"},{"taxonomy":"product_cat","embeddable":true,"href":"https:\/\/prosaudesul.com.br\/site\/wp-json\/wp\/v2\/product_cat?post=4354"},{"taxonomy":"product_tag","embeddable":true,"href":"https:\/\/prosaudesul.com.br\/site\/wp-json\/wp\/v2\/product_tag?post=4354"}],"curies":[{"name":"wp","href":"https:\/\/api.w.org\/{rel}","templated":true}]}}