{"id":4222,"date":"2024-08-19T18:57:56","date_gmt":"2024-08-19T18:57:56","guid":{"rendered":"https:\/\/prosaudesul.com.br\/site\/?post_type=product&#038;p=4222"},"modified":"2024-12-19T10:41:51","modified_gmt":"2024-12-19T13:41:51","slug":"neurodyn-10-canais","status":"publish","type":"product","link":"https:\/\/prosaudesul.com.br\/site\/produto\/neurodyn-10-canais\/","title":{"rendered":"Neurodyn 10 canais"},"content":{"rendered":"<p>O <strong>Neurodyn 10 Canais<\/strong> \u00e9 um <strong>aparelho de eletroestimula\u00e7\u00e3o<\/strong> de alta tecnologia projetado para fornecer tratamentos avan\u00e7ados de estimula\u00e7\u00e3o el\u00e9trica.<\/p>\n<p>Consultar itens inclusos.<\/p>\n<p>Correntes:<\/p>\n<p>Aussie e Russa;<br \/>\nEletroacupuntura;<br \/>\nMicrocorrentes;<br \/>\n14 protocolos pr\u00e9-programados e 16 particulares.<\/p>\n<div id=\"acfifjfajpekbmhmjppnmmjgmhjkildl\" class=\"acfifjfajpekbmhmjppnmmjgmhjkildl\"><\/div>\n","protected":false},"excerpt":{"rendered":"<p>Neurodyn 10 Canais: dispositivo de eletroestimula\u00e7\u00e3o com m\u00faltiplos canais e controles digitais, oferecendo tratamento flex\u00edvel e eficaz para dor e recupera\u00e7\u00e3o.<\/p>\n<div id=\"acfifjfajpekbmhmjppnmmjgmhjkildl\" class=\"acfifjfajpekbmhmjppnmmjgmhjkildl\"><\/div>\n","protected":false},"featured_media":4223,"comment_status":"open","ping_status":"closed","template":"","meta":{"_kadence_starter_templates_imported_post":false,"_kad_post_transparent":"default","_kad_post_title":"","_kad_post_layout":"default","_kad_post_sidebar_id":"","_kad_post_content_style":"default","_kad_post_vertical_padding":"default","_kad_post_feature":"","_kad_post_feature_position":"","_kad_post_header":false,"_kad_post_footer":false,"_kad_post_classname":""},"product_brand":[],"product_cat":[53],"product_tag":[],"class_list":{"0":"post-4222","1":"product","2":"type-product","3":"status-publish","4":"has-post-thumbnail","6":"product_cat-eletroterapia-ibramed","8":"first","9":"instock","10":"shipping-taxable","11":"product-type-simple","12":"entry","13":"content-bg","14":"loop-entry"},"yoast_head":"<!-- This site is optimized with the Yoast SEO plugin v23.2 - https:\/\/yoast.com\/wordpress\/plugins\/seo\/ -->\n<title>Neurodyn 10 canais - Pr\u00f3 Sa\u00fade - Equipamentos M\u00e9dicos e Hospitalares<\/title>\n<meta name=\"description\" content=\"Neurodyn 10 Canais, aparelho de eletroestimula\u00e7\u00e3o, dispositivo de 10 canais, TENS e FES de m\u00faltiplos canais, estimula\u00e7\u00e3o el\u00e9trica para fisioterapia, Neurodyn 10 Canais para reabilita\u00e7\u00e3o, equipamento de eletroestimula\u00e7\u00e3o avan\u00e7ado, tratamento de dor com 10 canais, dispositivo de estimula\u00e7\u00e3o el\u00e9trica digital, terapia de estimula\u00e7\u00e3o funcional, equipamento robusto para cl\u00ednicas, eletroestimulador para recupera\u00e7\u00e3o muscular, tecnologia de estimula\u00e7\u00e3o el\u00e9trica, Neurodyn 10 Canais para tratamentos cl\u00ednicos, dispositivo de fisioterapia de alta performance.\" \/>\n<meta name=\"robots\" content=\"index, follow, max-snippet:-1, max-image-preview:large, max-video-preview:-1\" \/>\n<link rel=\"canonical\" href=\"https:\/\/prosaudesul.com.br\/site\/produto\/neurodyn-10-canais\/\" \/>\n<meta property=\"og:locale\" content=\"pt_BR\" \/>\n<meta property=\"og:type\" content=\"article\" \/>\n<meta property=\"og:title\" content=\"Neurodyn 10 canais - Pr\u00f3 Sa\u00fade - Equipamentos M\u00e9dicos e Hospitalares\" \/>\n<meta property=\"og:description\" content=\"Neurodyn 10 Canais, aparelho de eletroestimula\u00e7\u00e3o, dispositivo de 10 canais, TENS e FES de m\u00faltiplos canais, estimula\u00e7\u00e3o el\u00e9trica para fisioterapia, Neurodyn 10 Canais para reabilita\u00e7\u00e3o, equipamento de eletroestimula\u00e7\u00e3o avan\u00e7ado, tratamento de dor com 10 canais, dispositivo de estimula\u00e7\u00e3o el\u00e9trica digital, terapia de estimula\u00e7\u00e3o funcional, equipamento robusto para cl\u00ednicas, eletroestimulador para recupera\u00e7\u00e3o muscular, tecnologia de estimula\u00e7\u00e3o el\u00e9trica, Neurodyn 10 Canais para tratamentos cl\u00ednicos, dispositivo de fisioterapia de alta performance.\" \/>\n<meta property=\"og:url\" content=\"https:\/\/prosaudesul.com.br\/site\/produto\/neurodyn-10-canais\/\" \/>\n<meta property=\"og:site_name\" content=\"Pr\u00f3 Sa\u00fade - Equipamentos M\u00e9dicos e Hospitalares\" \/>\n<meta property=\"article:publisher\" content=\"https:\/\/www.facebook.com\/sorgatobrindes\" \/>\n<meta property=\"article:modified_time\" content=\"2024-12-19T13:41:51+00:00\" \/>\n<meta property=\"og:image\" content=\"https:\/\/prosaudesul.com.br\/site\/wp-content\/uploads\/2024\/08\/Neurodyn-10-canais.jpg\" \/>\n\t<meta property=\"og:image:width\" content=\"720\" \/>\n\t<meta property=\"og:image:height\" content=\"720\" \/>\n\t<meta property=\"og:image:type\" content=\"image\/jpeg\" \/>\n<meta name=\"twitter:card\" content=\"summary_large_image\" \/>\n<meta name=\"twitter:label1\" content=\"Est. tempo de leitura\" \/>\n\t<meta name=\"twitter:data1\" content=\"1 minuto\" \/>\n<script type=\"application\/ld+json\" class=\"yoast-schema-graph\">{\"@context\":\"https:\/\/schema.org\",\"@graph\":[{\"@type\":\"WebPage\",\"@id\":\"https:\/\/prosaudesul.com.br\/site\/produto\/neurodyn-10-canais\/\",\"url\":\"https:\/\/prosaudesul.com.br\/site\/produto\/neurodyn-10-canais\/\",\"name\":\"Neurodyn 10 canais - Pr\u00f3 Sa\u00fade - Equipamentos M\u00e9dicos e Hospitalares\",\"isPartOf\":{\"@id\":\"https:\/\/prosaudesul.com.br\/site\/#website\"},\"primaryImageOfPage\":{\"@id\":\"https:\/\/prosaudesul.com.br\/site\/produto\/neurodyn-10-canais\/#primaryimage\"},\"image\":{\"@id\":\"https:\/\/prosaudesul.com.br\/site\/produto\/neurodyn-10-canais\/#primaryimage\"},\"thumbnailUrl\":\"https:\/\/prosaudesul.com.br\/site\/wp-content\/uploads\/2024\/08\/Neurodyn-10-canais.jpg\",\"datePublished\":\"2024-08-19T18:57:56+00:00\",\"dateModified\":\"2024-12-19T13:41:51+00:00\",\"description\":\"Neurodyn 10 Canais, aparelho de eletroestimula\u00e7\u00e3o, dispositivo de 10 canais, TENS e FES de m\u00faltiplos canais, estimula\u00e7\u00e3o el\u00e9trica para fisioterapia, Neurodyn 10 Canais para reabilita\u00e7\u00e3o, equipamento de eletroestimula\u00e7\u00e3o avan\u00e7ado, tratamento de dor com 10 canais, dispositivo de estimula\u00e7\u00e3o el\u00e9trica digital, terapia de estimula\u00e7\u00e3o funcional, equipamento robusto para cl\u00ednicas, eletroestimulador para recupera\u00e7\u00e3o muscular, tecnologia de estimula\u00e7\u00e3o el\u00e9trica, Neurodyn 10 Canais para tratamentos cl\u00ednicos, dispositivo de fisioterapia de alta performance.\",\"breadcrumb\":{\"@id\":\"https:\/\/prosaudesul.com.br\/site\/produto\/neurodyn-10-canais\/#breadcrumb\"},\"inLanguage\":\"pt-BR\",\"potentialAction\":[{\"@type\":\"ReadAction\",\"target\":[\"https:\/\/prosaudesul.com.br\/site\/produto\/neurodyn-10-canais\/\"]}]},{\"@type\":\"ImageObject\",\"inLanguage\":\"pt-BR\",\"@id\":\"https:\/\/prosaudesul.com.br\/site\/produto\/neurodyn-10-canais\/#primaryimage\",\"url\":\"https:\/\/prosaudesul.com.br\/site\/wp-content\/uploads\/2024\/08\/Neurodyn-10-canais.jpg\",\"contentUrl\":\"https:\/\/prosaudesul.com.br\/site\/wp-content\/uploads\/2024\/08\/Neurodyn-10-canais.jpg\",\"width\":720,\"height\":720,\"caption\":\"Neurodyn 10 Canais: dispositivo de eletroestimula\u00e7\u00e3o com m\u00faltiplos canais e controles digitais, oferecendo tratamento flex\u00edvel e eficaz para dor e recupera\u00e7\u00e3o.\"},{\"@type\":\"BreadcrumbList\",\"@id\":\"https:\/\/prosaudesul.com.br\/site\/produto\/neurodyn-10-canais\/#breadcrumb\",\"itemListElement\":[{\"@type\":\"ListItem\",\"position\":1,\"name\":\"In\u00edcio\",\"item\":\"https:\/\/prosaudesul.com.br\/site\/\"},{\"@type\":\"ListItem\",\"position\":2,\"name\":\"Produtos\",\"item\":\"https:\/\/prosaudesul.com.br\/site\/loja\/\"},{\"@type\":\"ListItem\",\"position\":3,\"name\":\"Neurodyn 10 canais\"}]},{\"@type\":\"WebSite\",\"@id\":\"https:\/\/prosaudesul.com.br\/site\/#website\",\"url\":\"https:\/\/prosaudesul.com.br\/site\/\",\"name\":\"Pr\u00f3 Sa\u00fade - Equipamentos M\u00e9dicos e Hospitalares\",\"description\":\"Caxias do Sul - RS - Telefone: (54) 3227-7600 - Whats: (54) 9 9101-3507 - E-mail: prosaudeprodutos@yahoo.com.br\",\"publisher\":{\"@id\":\"https:\/\/prosaudesul.com.br\/site\/#organization\"},\"potentialAction\":[{\"@type\":\"SearchAction\",\"target\":{\"@type\":\"EntryPoint\",\"urlTemplate\":\"https:\/\/prosaudesul.com.br\/site\/?s={search_term_string}\"},\"query-input\":\"required name=search_term_string\"}],\"inLanguage\":\"pt-BR\"},{\"@type\":\"Organization\",\"@id\":\"https:\/\/prosaudesul.com.br\/site\/#organization\",\"name\":\"Pr\u00f3 Sa\u00fade - Equipamentos M\u00e9dicos e Hospitalares\",\"url\":\"https:\/\/prosaudesul.com.br\/site\/\",\"logo\":{\"@type\":\"ImageObject\",\"inLanguage\":\"pt-BR\",\"@id\":\"https:\/\/prosaudesul.com.br\/site\/#\/schema\/logo\/image\/\",\"url\":\"https:\/\/prosaudesul.com.br\/site\/wp-content\/uploads\/2023\/06\/logo-pro-saude.png\",\"contentUrl\":\"https:\/\/prosaudesul.com.br\/site\/wp-content\/uploads\/2023\/06\/logo-pro-saude.png\",\"width\":345,\"height\":86,\"caption\":\"Pr\u00f3 Sa\u00fade -  Equipamentos M\u00e9dicos e Hospitalares\"},\"image\":{\"@id\":\"https:\/\/prosaudesul.com.br\/site\/#\/schema\/logo\/image\/\"},\"sameAs\":[\"https:\/\/www.facebook.com\/sorgatobrindes\",\"https:\/\/www.instagram.com\/sorgatobrindes\/\"]}]}<\/script>\n<!-- \/ Yoast SEO plugin. -->","yoast_head_json":{"title":"Neurodyn 10 canais - Pr\u00f3 Sa\u00fade - Equipamentos M\u00e9dicos e Hospitalares","description":"Neurodyn 10 Canais, aparelho de eletroestimula\u00e7\u00e3o, dispositivo de 10 canais, TENS e FES de m\u00faltiplos canais, estimula\u00e7\u00e3o el\u00e9trica para fisioterapia, Neurodyn 10 Canais para reabilita\u00e7\u00e3o, equipamento de eletroestimula\u00e7\u00e3o avan\u00e7ado, tratamento de dor com 10 canais, dispositivo de estimula\u00e7\u00e3o el\u00e9trica digital, terapia de estimula\u00e7\u00e3o funcional, equipamento robusto para cl\u00ednicas, eletroestimulador para recupera\u00e7\u00e3o muscular, tecnologia de estimula\u00e7\u00e3o el\u00e9trica, Neurodyn 10 Canais para tratamentos cl\u00ednicos, dispositivo de fisioterapia de alta performance.","robots":{"index":"index","follow":"follow","max-snippet":"max-snippet:-1","max-image-preview":"max-image-preview:large","max-video-preview":"max-video-preview:-1"},"canonical":"https:\/\/prosaudesul.com.br\/site\/produto\/neurodyn-10-canais\/","og_locale":"pt_BR","og_type":"article","og_title":"Neurodyn 10 canais - Pr\u00f3 Sa\u00fade - Equipamentos M\u00e9dicos e Hospitalares","og_description":"Neurodyn 10 Canais, aparelho de eletroestimula\u00e7\u00e3o, dispositivo de 10 canais, TENS e FES de m\u00faltiplos canais, estimula\u00e7\u00e3o el\u00e9trica para fisioterapia, Neurodyn 10 Canais para reabilita\u00e7\u00e3o, equipamento de eletroestimula\u00e7\u00e3o avan\u00e7ado, tratamento de dor com 10 canais, dispositivo de estimula\u00e7\u00e3o el\u00e9trica digital, terapia de estimula\u00e7\u00e3o funcional, equipamento robusto para cl\u00ednicas, eletroestimulador para recupera\u00e7\u00e3o muscular, tecnologia de estimula\u00e7\u00e3o el\u00e9trica, Neurodyn 10 Canais para tratamentos cl\u00ednicos, dispositivo de fisioterapia de alta performance.","og_url":"https:\/\/prosaudesul.com.br\/site\/produto\/neurodyn-10-canais\/","og_site_name":"Pr\u00f3 Sa\u00fade - Equipamentos M\u00e9dicos e Hospitalares","article_publisher":"https:\/\/www.facebook.com\/sorgatobrindes","article_modified_time":"2024-12-19T13:41:51+00:00","og_image":[{"width":720,"height":720,"url":"https:\/\/prosaudesul.com.br\/site\/wp-content\/uploads\/2024\/08\/Neurodyn-10-canais.jpg","type":"image\/jpeg"}],"twitter_card":"summary_large_image","twitter_misc":{"Est. tempo de leitura":"1 minuto"},"schema":{"@context":"https:\/\/schema.org","@graph":[{"@type":"WebPage","@id":"https:\/\/prosaudesul.com.br\/site\/produto\/neurodyn-10-canais\/","url":"https:\/\/prosaudesul.com.br\/site\/produto\/neurodyn-10-canais\/","name":"Neurodyn 10 canais - Pr\u00f3 Sa\u00fade - Equipamentos M\u00e9dicos e Hospitalares","isPartOf":{"@id":"https:\/\/prosaudesul.com.br\/site\/#website"},"primaryImageOfPage":{"@id":"https:\/\/prosaudesul.com.br\/site\/produto\/neurodyn-10-canais\/#primaryimage"},"image":{"@id":"https:\/\/prosaudesul.com.br\/site\/produto\/neurodyn-10-canais\/#primaryimage"},"thumbnailUrl":"https:\/\/prosaudesul.com.br\/site\/wp-content\/uploads\/2024\/08\/Neurodyn-10-canais.jpg","datePublished":"2024-08-19T18:57:56+00:00","dateModified":"2024-12-19T13:41:51+00:00","description":"Neurodyn 10 Canais, aparelho de eletroestimula\u00e7\u00e3o, dispositivo de 10 canais, TENS e FES de m\u00faltiplos canais, estimula\u00e7\u00e3o el\u00e9trica para fisioterapia, Neurodyn 10 Canais para reabilita\u00e7\u00e3o, equipamento de eletroestimula\u00e7\u00e3o avan\u00e7ado, tratamento de dor com 10 canais, dispositivo de estimula\u00e7\u00e3o el\u00e9trica digital, terapia de estimula\u00e7\u00e3o funcional, equipamento robusto para cl\u00ednicas, eletroestimulador para recupera\u00e7\u00e3o muscular, tecnologia de estimula\u00e7\u00e3o el\u00e9trica, Neurodyn 10 Canais para tratamentos cl\u00ednicos, dispositivo de fisioterapia de alta performance.","breadcrumb":{"@id":"https:\/\/prosaudesul.com.br\/site\/produto\/neurodyn-10-canais\/#breadcrumb"},"inLanguage":"pt-BR","potentialAction":[{"@type":"ReadAction","target":["https:\/\/prosaudesul.com.br\/site\/produto\/neurodyn-10-canais\/"]}]},{"@type":"ImageObject","inLanguage":"pt-BR","@id":"https:\/\/prosaudesul.com.br\/site\/produto\/neurodyn-10-canais\/#primaryimage","url":"https:\/\/prosaudesul.com.br\/site\/wp-content\/uploads\/2024\/08\/Neurodyn-10-canais.jpg","contentUrl":"https:\/\/prosaudesul.com.br\/site\/wp-content\/uploads\/2024\/08\/Neurodyn-10-canais.jpg","width":720,"height":720,"caption":"Neurodyn 10 Canais: dispositivo de eletroestimula\u00e7\u00e3o com m\u00faltiplos canais e controles digitais, oferecendo tratamento flex\u00edvel e eficaz para dor e recupera\u00e7\u00e3o."},{"@type":"BreadcrumbList","@id":"https:\/\/prosaudesul.com.br\/site\/produto\/neurodyn-10-canais\/#breadcrumb","itemListElement":[{"@type":"ListItem","position":1,"name":"In\u00edcio","item":"https:\/\/prosaudesul.com.br\/site\/"},{"@type":"ListItem","position":2,"name":"Produtos","item":"https:\/\/prosaudesul.com.br\/site\/loja\/"},{"@type":"ListItem","position":3,"name":"Neurodyn 10 canais"}]},{"@type":"WebSite","@id":"https:\/\/prosaudesul.com.br\/site\/#website","url":"https:\/\/prosaudesul.com.br\/site\/","name":"Pr\u00f3 Sa\u00fade - Equipamentos M\u00e9dicos e Hospitalares","description":"Caxias do Sul - RS - Telefone: (54) 3227-7600 - Whats: (54) 9 9101-3507 - E-mail: prosaudeprodutos@yahoo.com.br","publisher":{"@id":"https:\/\/prosaudesul.com.br\/site\/#organization"},"potentialAction":[{"@type":"SearchAction","target":{"@type":"EntryPoint","urlTemplate":"https:\/\/prosaudesul.com.br\/site\/?s={search_term_string}"},"query-input":"required name=search_term_string"}],"inLanguage":"pt-BR"},{"@type":"Organization","@id":"https:\/\/prosaudesul.com.br\/site\/#organization","name":"Pr\u00f3 Sa\u00fade - Equipamentos M\u00e9dicos e Hospitalares","url":"https:\/\/prosaudesul.com.br\/site\/","logo":{"@type":"ImageObject","inLanguage":"pt-BR","@id":"https:\/\/prosaudesul.com.br\/site\/#\/schema\/logo\/image\/","url":"https:\/\/prosaudesul.com.br\/site\/wp-content\/uploads\/2023\/06\/logo-pro-saude.png","contentUrl":"https:\/\/prosaudesul.com.br\/site\/wp-content\/uploads\/2023\/06\/logo-pro-saude.png","width":345,"height":86,"caption":"Pr\u00f3 Sa\u00fade -  Equipamentos M\u00e9dicos e Hospitalares"},"image":{"@id":"https:\/\/prosaudesul.com.br\/site\/#\/schema\/logo\/image\/"},"sameAs":["https:\/\/www.facebook.com\/sorgatobrindes","https:\/\/www.instagram.com\/sorgatobrindes\/"]}]}},"_links":{"self":[{"href":"https:\/\/prosaudesul.com.br\/site\/wp-json\/wp\/v2\/product\/4222"}],"collection":[{"href":"https:\/\/prosaudesul.com.br\/site\/wp-json\/wp\/v2\/product"}],"about":[{"href":"https:\/\/prosaudesul.com.br\/site\/wp-json\/wp\/v2\/types\/product"}],"replies":[{"embeddable":true,"href":"https:\/\/prosaudesul.com.br\/site\/wp-json\/wp\/v2\/comments?post=4222"}],"wp:featuredmedia":[{"embeddable":true,"href":"https:\/\/prosaudesul.com.br\/site\/wp-json\/wp\/v2\/media\/4223"}],"wp:attachment":[{"href":"https:\/\/prosaudesul.com.br\/site\/wp-json\/wp\/v2\/media?parent=4222"}],"wp:term":[{"taxonomy":"product_brand","embeddable":true,"href":"https:\/\/prosaudesul.com.br\/site\/wp-json\/wp\/v2\/product_brand?post=4222"},{"taxonomy":"product_cat","embeddable":true,"href":"https:\/\/prosaudesul.com.br\/site\/wp-json\/wp\/v2\/product_cat?post=4222"},{"taxonomy":"product_tag","embeddable":true,"href":"https:\/\/prosaudesul.com.br\/site\/wp-json\/wp\/v2\/product_tag?post=4222"}],"curies":[{"name":"wp","href":"https:\/\/api.w.org\/{rel}","templated":true}]}}