{"id":4217,"date":"2024-08-19T18:30:25","date_gmt":"2024-08-19T18:30:25","guid":{"rendered":"https:\/\/prosaudesul.com.br\/site\/?post_type=product&#038;p=4217"},"modified":"2024-12-19T10:42:09","modified_gmt":"2024-12-19T13:42:09","slug":"neurovector-interferencial","status":"publish","type":"product","link":"https:\/\/prosaudesul.com.br\/site\/produto\/neurovector-interferencial\/","title":{"rendered":"Neurovector &#8211; Interferencial"},"content":{"rendered":"<p>O <strong>Neurovector &#8211; Interferencial<\/strong> \u00e9 um sofisticado <strong>aparelho estimulador neuromuscular transcut\u00e2neo<\/strong> que utiliza tecnologia de <strong>estimula\u00e7\u00e3o interferencial<\/strong> para tratar dor e promover a reabilita\u00e7\u00e3o muscular.<\/p>\n<p>Correntes:<\/p>\n<p>Interfaciais de m\u00e9dia frequ\u00eancia (2KHz, 4KHz e 8KHz);<br \/>\n2 canais, podem ser utilizados nas modalidades;<br \/>\nBipolar ou tetrapolar;<br \/>\n5 protocolos pr\u00e9-programados e 20 protocolos particulares.<\/p>\n","protected":false},"excerpt":{"rendered":"<p>Neurovector &#8211; Interferencial: dispositivo avan\u00e7ado para estimula\u00e7\u00e3o neuromuscular com tecnologia interferencial, ideal para terapias eficazes.<\/p>\n","protected":false},"featured_media":4218,"comment_status":"open","ping_status":"closed","template":"","meta":{"_kadence_starter_templates_imported_post":false,"_kad_post_transparent":"default","_kad_post_title":"","_kad_post_layout":"default","_kad_post_sidebar_id":"","_kad_post_content_style":"default","_kad_post_vertical_padding":"default","_kad_post_feature":"","_kad_post_feature_position":"","_kad_post_header":false,"_kad_post_footer":false,"_kad_post_classname":""},"product_brand":[],"product_cat":[53],"product_tag":[],"class_list":{"0":"post-4217","1":"product","2":"type-product","3":"status-publish","4":"has-post-thumbnail","6":"product_cat-eletroterapia-ibramed","8":"first","9":"instock","10":"shipping-taxable","11":"product-type-simple","12":"entry","13":"content-bg","14":"loop-entry"},"yoast_head":"<!-- This site is optimized with the Yoast SEO plugin v23.2 - https:\/\/yoast.com\/wordpress\/plugins\/seo\/ -->\n<title>Neurovector - Interferencial - Pr\u00f3 Sa\u00fade - Equipamentos M\u00e9dicos e Hospitalares<\/title>\n<meta name=\"description\" content=\"Neurovector Interferencial, aparelho estimulador neuromuscular, estimula\u00e7\u00e3o interferencial, dispositivo TENS para dor, equipamento de estimula\u00e7\u00e3o neuromuscular, Neurovector para fisioterapia, tecnologia de estimula\u00e7\u00e3o el\u00e9trica, tratamento de dor com interfer\u00eancia, aparelho de terapia transcut\u00e2nea, dispositivo de reabilita\u00e7\u00e3o muscular, Neurovector para cl\u00ednicas, estimulador neuromuscular digital, terapia de dor avan\u00e7ada, eletroestimulador interferencial, dispositivo de fisioterapia robusto.\" \/>\n<meta name=\"robots\" content=\"index, follow, max-snippet:-1, max-image-preview:large, max-video-preview:-1\" \/>\n<link rel=\"canonical\" href=\"https:\/\/prosaudesul.com.br\/site\/produto\/neurovector-interferencial\/\" \/>\n<meta property=\"og:locale\" content=\"pt_BR\" \/>\n<meta property=\"og:type\" content=\"article\" \/>\n<meta property=\"og:title\" content=\"Neurovector - Interferencial - Pr\u00f3 Sa\u00fade - Equipamentos M\u00e9dicos e Hospitalares\" \/>\n<meta property=\"og:description\" content=\"Neurovector Interferencial, aparelho estimulador neuromuscular, estimula\u00e7\u00e3o interferencial, dispositivo TENS para dor, equipamento de estimula\u00e7\u00e3o neuromuscular, Neurovector para fisioterapia, tecnologia de estimula\u00e7\u00e3o el\u00e9trica, tratamento de dor com interfer\u00eancia, aparelho de terapia transcut\u00e2nea, dispositivo de reabilita\u00e7\u00e3o muscular, Neurovector para cl\u00ednicas, estimulador neuromuscular digital, terapia de dor avan\u00e7ada, eletroestimulador interferencial, dispositivo de fisioterapia robusto.\" \/>\n<meta property=\"og:url\" content=\"https:\/\/prosaudesul.com.br\/site\/produto\/neurovector-interferencial\/\" \/>\n<meta property=\"og:site_name\" content=\"Pr\u00f3 Sa\u00fade - Equipamentos M\u00e9dicos e Hospitalares\" \/>\n<meta property=\"article:publisher\" content=\"https:\/\/www.facebook.com\/sorgatobrindes\" \/>\n<meta property=\"article:modified_time\" content=\"2024-12-19T13:42:09+00:00\" \/>\n<meta property=\"og:image\" content=\"https:\/\/prosaudesul.com.br\/site\/wp-content\/uploads\/2024\/08\/Neurovector-Interferencial.jpg\" \/>\n\t<meta property=\"og:image:width\" content=\"720\" \/>\n\t<meta property=\"og:image:height\" content=\"720\" \/>\n\t<meta property=\"og:image:type\" content=\"image\/jpeg\" \/>\n<meta name=\"twitter:card\" content=\"summary_large_image\" \/>\n<meta name=\"twitter:label1\" content=\"Est. tempo de leitura\" \/>\n\t<meta name=\"twitter:data1\" content=\"1 minuto\" \/>\n<script type=\"application\/ld+json\" class=\"yoast-schema-graph\">{\"@context\":\"https:\/\/schema.org\",\"@graph\":[{\"@type\":\"WebPage\",\"@id\":\"https:\/\/prosaudesul.com.br\/site\/produto\/neurovector-interferencial\/\",\"url\":\"https:\/\/prosaudesul.com.br\/site\/produto\/neurovector-interferencial\/\",\"name\":\"Neurovector - Interferencial - Pr\u00f3 Sa\u00fade - Equipamentos M\u00e9dicos e Hospitalares\",\"isPartOf\":{\"@id\":\"https:\/\/prosaudesul.com.br\/site\/#website\"},\"primaryImageOfPage\":{\"@id\":\"https:\/\/prosaudesul.com.br\/site\/produto\/neurovector-interferencial\/#primaryimage\"},\"image\":{\"@id\":\"https:\/\/prosaudesul.com.br\/site\/produto\/neurovector-interferencial\/#primaryimage\"},\"thumbnailUrl\":\"https:\/\/prosaudesul.com.br\/site\/wp-content\/uploads\/2024\/08\/Neurovector-Interferencial.jpg\",\"datePublished\":\"2024-08-19T18:30:25+00:00\",\"dateModified\":\"2024-12-19T13:42:09+00:00\",\"description\":\"Neurovector Interferencial, aparelho estimulador neuromuscular, estimula\u00e7\u00e3o interferencial, dispositivo TENS para dor, equipamento de estimula\u00e7\u00e3o neuromuscular, Neurovector para fisioterapia, tecnologia de estimula\u00e7\u00e3o el\u00e9trica, tratamento de dor com interfer\u00eancia, aparelho de terapia transcut\u00e2nea, dispositivo de reabilita\u00e7\u00e3o muscular, Neurovector para cl\u00ednicas, estimulador neuromuscular digital, terapia de dor avan\u00e7ada, eletroestimulador interferencial, dispositivo de fisioterapia robusto.\",\"breadcrumb\":{\"@id\":\"https:\/\/prosaudesul.com.br\/site\/produto\/neurovector-interferencial\/#breadcrumb\"},\"inLanguage\":\"pt-BR\",\"potentialAction\":[{\"@type\":\"ReadAction\",\"target\":[\"https:\/\/prosaudesul.com.br\/site\/produto\/neurovector-interferencial\/\"]}]},{\"@type\":\"ImageObject\",\"inLanguage\":\"pt-BR\",\"@id\":\"https:\/\/prosaudesul.com.br\/site\/produto\/neurovector-interferencial\/#primaryimage\",\"url\":\"https:\/\/prosaudesul.com.br\/site\/wp-content\/uploads\/2024\/08\/Neurovector-Interferencial.jpg\",\"contentUrl\":\"https:\/\/prosaudesul.com.br\/site\/wp-content\/uploads\/2024\/08\/Neurovector-Interferencial.jpg\",\"width\":720,\"height\":720,\"caption\":\"Neurovector - Interferencial: dispositivo avan\u00e7ado para estimula\u00e7\u00e3o neuromuscular com tecnologia interferencial, ideal para terapias eficazes.\"},{\"@type\":\"BreadcrumbList\",\"@id\":\"https:\/\/prosaudesul.com.br\/site\/produto\/neurovector-interferencial\/#breadcrumb\",\"itemListElement\":[{\"@type\":\"ListItem\",\"position\":1,\"name\":\"In\u00edcio\",\"item\":\"https:\/\/prosaudesul.com.br\/site\/\"},{\"@type\":\"ListItem\",\"position\":2,\"name\":\"Produtos\",\"item\":\"https:\/\/prosaudesul.com.br\/site\/loja\/\"},{\"@type\":\"ListItem\",\"position\":3,\"name\":\"Neurovector &#8211; Interferencial\"}]},{\"@type\":\"WebSite\",\"@id\":\"https:\/\/prosaudesul.com.br\/site\/#website\",\"url\":\"https:\/\/prosaudesul.com.br\/site\/\",\"name\":\"Pr\u00f3 Sa\u00fade - Equipamentos M\u00e9dicos e Hospitalares\",\"description\":\"Caxias do Sul - RS - Telefone: (54) 3227-7600 - Whats: (54) 9 9101-3507 - E-mail: prosaudeprodutos@yahoo.com.br\",\"publisher\":{\"@id\":\"https:\/\/prosaudesul.com.br\/site\/#organization\"},\"potentialAction\":[{\"@type\":\"SearchAction\",\"target\":{\"@type\":\"EntryPoint\",\"urlTemplate\":\"https:\/\/prosaudesul.com.br\/site\/?s={search_term_string}\"},\"query-input\":\"required name=search_term_string\"}],\"inLanguage\":\"pt-BR\"},{\"@type\":\"Organization\",\"@id\":\"https:\/\/prosaudesul.com.br\/site\/#organization\",\"name\":\"Pr\u00f3 Sa\u00fade - Equipamentos M\u00e9dicos e Hospitalares\",\"url\":\"https:\/\/prosaudesul.com.br\/site\/\",\"logo\":{\"@type\":\"ImageObject\",\"inLanguage\":\"pt-BR\",\"@id\":\"https:\/\/prosaudesul.com.br\/site\/#\/schema\/logo\/image\/\",\"url\":\"https:\/\/prosaudesul.com.br\/site\/wp-content\/uploads\/2023\/06\/logo-pro-saude.png\",\"contentUrl\":\"https:\/\/prosaudesul.com.br\/site\/wp-content\/uploads\/2023\/06\/logo-pro-saude.png\",\"width\":345,\"height\":86,\"caption\":\"Pr\u00f3 Sa\u00fade -  Equipamentos M\u00e9dicos e Hospitalares\"},\"image\":{\"@id\":\"https:\/\/prosaudesul.com.br\/site\/#\/schema\/logo\/image\/\"},\"sameAs\":[\"https:\/\/www.facebook.com\/sorgatobrindes\",\"https:\/\/www.instagram.com\/sorgatobrindes\/\"]}]}<\/script>\n<!-- \/ Yoast SEO plugin. -->","yoast_head_json":{"title":"Neurovector - Interferencial - Pr\u00f3 Sa\u00fade - Equipamentos M\u00e9dicos e Hospitalares","description":"Neurovector Interferencial, aparelho estimulador neuromuscular, estimula\u00e7\u00e3o interferencial, dispositivo TENS para dor, equipamento de estimula\u00e7\u00e3o neuromuscular, Neurovector para fisioterapia, tecnologia de estimula\u00e7\u00e3o el\u00e9trica, tratamento de dor com interfer\u00eancia, aparelho de terapia transcut\u00e2nea, dispositivo de reabilita\u00e7\u00e3o muscular, Neurovector para cl\u00ednicas, estimulador neuromuscular digital, terapia de dor avan\u00e7ada, eletroestimulador interferencial, dispositivo de fisioterapia robusto.","robots":{"index":"index","follow":"follow","max-snippet":"max-snippet:-1","max-image-preview":"max-image-preview:large","max-video-preview":"max-video-preview:-1"},"canonical":"https:\/\/prosaudesul.com.br\/site\/produto\/neurovector-interferencial\/","og_locale":"pt_BR","og_type":"article","og_title":"Neurovector - Interferencial - Pr\u00f3 Sa\u00fade - Equipamentos M\u00e9dicos e Hospitalares","og_description":"Neurovector Interferencial, aparelho estimulador neuromuscular, estimula\u00e7\u00e3o interferencial, dispositivo TENS para dor, equipamento de estimula\u00e7\u00e3o neuromuscular, Neurovector para fisioterapia, tecnologia de estimula\u00e7\u00e3o el\u00e9trica, tratamento de dor com interfer\u00eancia, aparelho de terapia transcut\u00e2nea, dispositivo de reabilita\u00e7\u00e3o muscular, Neurovector para cl\u00ednicas, estimulador neuromuscular digital, terapia de dor avan\u00e7ada, eletroestimulador interferencial, dispositivo de fisioterapia robusto.","og_url":"https:\/\/prosaudesul.com.br\/site\/produto\/neurovector-interferencial\/","og_site_name":"Pr\u00f3 Sa\u00fade - Equipamentos M\u00e9dicos e Hospitalares","article_publisher":"https:\/\/www.facebook.com\/sorgatobrindes","article_modified_time":"2024-12-19T13:42:09+00:00","og_image":[{"width":720,"height":720,"url":"https:\/\/prosaudesul.com.br\/site\/wp-content\/uploads\/2024\/08\/Neurovector-Interferencial.jpg","type":"image\/jpeg"}],"twitter_card":"summary_large_image","twitter_misc":{"Est. tempo de leitura":"1 minuto"},"schema":{"@context":"https:\/\/schema.org","@graph":[{"@type":"WebPage","@id":"https:\/\/prosaudesul.com.br\/site\/produto\/neurovector-interferencial\/","url":"https:\/\/prosaudesul.com.br\/site\/produto\/neurovector-interferencial\/","name":"Neurovector - Interferencial - Pr\u00f3 Sa\u00fade - Equipamentos M\u00e9dicos e Hospitalares","isPartOf":{"@id":"https:\/\/prosaudesul.com.br\/site\/#website"},"primaryImageOfPage":{"@id":"https:\/\/prosaudesul.com.br\/site\/produto\/neurovector-interferencial\/#primaryimage"},"image":{"@id":"https:\/\/prosaudesul.com.br\/site\/produto\/neurovector-interferencial\/#primaryimage"},"thumbnailUrl":"https:\/\/prosaudesul.com.br\/site\/wp-content\/uploads\/2024\/08\/Neurovector-Interferencial.jpg","datePublished":"2024-08-19T18:30:25+00:00","dateModified":"2024-12-19T13:42:09+00:00","description":"Neurovector Interferencial, aparelho estimulador neuromuscular, estimula\u00e7\u00e3o interferencial, dispositivo TENS para dor, equipamento de estimula\u00e7\u00e3o neuromuscular, Neurovector para fisioterapia, tecnologia de estimula\u00e7\u00e3o el\u00e9trica, tratamento de dor com interfer\u00eancia, aparelho de terapia transcut\u00e2nea, dispositivo de reabilita\u00e7\u00e3o muscular, Neurovector para cl\u00ednicas, estimulador neuromuscular digital, terapia de dor avan\u00e7ada, eletroestimulador interferencial, dispositivo de fisioterapia robusto.","breadcrumb":{"@id":"https:\/\/prosaudesul.com.br\/site\/produto\/neurovector-interferencial\/#breadcrumb"},"inLanguage":"pt-BR","potentialAction":[{"@type":"ReadAction","target":["https:\/\/prosaudesul.com.br\/site\/produto\/neurovector-interferencial\/"]}]},{"@type":"ImageObject","inLanguage":"pt-BR","@id":"https:\/\/prosaudesul.com.br\/site\/produto\/neurovector-interferencial\/#primaryimage","url":"https:\/\/prosaudesul.com.br\/site\/wp-content\/uploads\/2024\/08\/Neurovector-Interferencial.jpg","contentUrl":"https:\/\/prosaudesul.com.br\/site\/wp-content\/uploads\/2024\/08\/Neurovector-Interferencial.jpg","width":720,"height":720,"caption":"Neurovector - Interferencial: dispositivo avan\u00e7ado para estimula\u00e7\u00e3o neuromuscular com tecnologia interferencial, ideal para terapias eficazes."},{"@type":"BreadcrumbList","@id":"https:\/\/prosaudesul.com.br\/site\/produto\/neurovector-interferencial\/#breadcrumb","itemListElement":[{"@type":"ListItem","position":1,"name":"In\u00edcio","item":"https:\/\/prosaudesul.com.br\/site\/"},{"@type":"ListItem","position":2,"name":"Produtos","item":"https:\/\/prosaudesul.com.br\/site\/loja\/"},{"@type":"ListItem","position":3,"name":"Neurovector &#8211; Interferencial"}]},{"@type":"WebSite","@id":"https:\/\/prosaudesul.com.br\/site\/#website","url":"https:\/\/prosaudesul.com.br\/site\/","name":"Pr\u00f3 Sa\u00fade - Equipamentos M\u00e9dicos e Hospitalares","description":"Caxias do Sul - RS - Telefone: (54) 3227-7600 - Whats: (54) 9 9101-3507 - E-mail: prosaudeprodutos@yahoo.com.br","publisher":{"@id":"https:\/\/prosaudesul.com.br\/site\/#organization"},"potentialAction":[{"@type":"SearchAction","target":{"@type":"EntryPoint","urlTemplate":"https:\/\/prosaudesul.com.br\/site\/?s={search_term_string}"},"query-input":"required name=search_term_string"}],"inLanguage":"pt-BR"},{"@type":"Organization","@id":"https:\/\/prosaudesul.com.br\/site\/#organization","name":"Pr\u00f3 Sa\u00fade - Equipamentos M\u00e9dicos e Hospitalares","url":"https:\/\/prosaudesul.com.br\/site\/","logo":{"@type":"ImageObject","inLanguage":"pt-BR","@id":"https:\/\/prosaudesul.com.br\/site\/#\/schema\/logo\/image\/","url":"https:\/\/prosaudesul.com.br\/site\/wp-content\/uploads\/2023\/06\/logo-pro-saude.png","contentUrl":"https:\/\/prosaudesul.com.br\/site\/wp-content\/uploads\/2023\/06\/logo-pro-saude.png","width":345,"height":86,"caption":"Pr\u00f3 Sa\u00fade -  Equipamentos M\u00e9dicos e Hospitalares"},"image":{"@id":"https:\/\/prosaudesul.com.br\/site\/#\/schema\/logo\/image\/"},"sameAs":["https:\/\/www.facebook.com\/sorgatobrindes","https:\/\/www.instagram.com\/sorgatobrindes\/"]}]}},"_links":{"self":[{"href":"https:\/\/prosaudesul.com.br\/site\/wp-json\/wp\/v2\/product\/4217"}],"collection":[{"href":"https:\/\/prosaudesul.com.br\/site\/wp-json\/wp\/v2\/product"}],"about":[{"href":"https:\/\/prosaudesul.com.br\/site\/wp-json\/wp\/v2\/types\/product"}],"replies":[{"embeddable":true,"href":"https:\/\/prosaudesul.com.br\/site\/wp-json\/wp\/v2\/comments?post=4217"}],"wp:featuredmedia":[{"embeddable":true,"href":"https:\/\/prosaudesul.com.br\/site\/wp-json\/wp\/v2\/media\/4218"}],"wp:attachment":[{"href":"https:\/\/prosaudesul.com.br\/site\/wp-json\/wp\/v2\/media?parent=4217"}],"wp:term":[{"taxonomy":"product_brand","embeddable":true,"href":"https:\/\/prosaudesul.com.br\/site\/wp-json\/wp\/v2\/product_brand?post=4217"},{"taxonomy":"product_cat","embeddable":true,"href":"https:\/\/prosaudesul.com.br\/site\/wp-json\/wp\/v2\/product_cat?post=4217"},{"taxonomy":"product_tag","embeddable":true,"href":"https:\/\/prosaudesul.com.br\/site\/wp-json\/wp\/v2\/product_tag?post=4217"}],"curies":[{"name":"wp","href":"https:\/\/api.w.org\/{rel}","templated":true}]}}