{"id":4190,"date":"2024-08-17T02:06:19","date_gmt":"2024-08-17T02:06:19","guid":{"rendered":"https:\/\/prosaudesul.com.br\/site\/?post_type=product&#038;p=4190"},"modified":"2024-08-31T15:35:39","modified_gmt":"2024-08-31T18:35:39","slug":"agulha-acupuntura-sistemica-bk-plus","status":"publish","type":"product","link":"https:\/\/prosaudesul.com.br\/site\/produto\/agulha-acupuntura-sistemica-bk-plus\/","title":{"rendered":"Agulha Acupuntura Sist\u00eamica BK Plus"},"content":{"rendered":"<h3>Valor Sob Consulta<\/h3>\n<p>OBS: CAIXA COM 500<\/p>\n<p>Marca: BK<br \/>\nModelo: Plus<br \/>\nOrigem: China<br \/>\nEmbalagem: Pacotes<br \/>\nDestinado: Profissional<br \/>\nQuantidade: 1000 Agulhas\/Caixa<br \/>\nEsteriliza\u00e7\u00e3o: Raios Gama<br \/>\nTerapias: Medicina Tradicional Chinesa, Acupuntura Sist\u00eamica<\/p>\n<p>Medidas dispon\u00edveis<\/p>\n<p>0,14&#215;40<br \/>\n0,16 x30<br \/>\n0,18&#215;8<br \/>\n0,18&#215;40<br \/>\n0,20&#215;15<br \/>\n0,20&#215;30<br \/>\n0,20&#215;40<br \/>\n0,25&#215;15<br \/>\n0,25&#215;30<br \/>\n0,25&#215;40<br \/>\n0,25&#215;50<br \/>\n0,30&#215;40<br \/>\n0,30&#215;60<br \/>\n0,30&#215;75<\/p>\n","protected":false},"excerpt":{"rendered":"<p>Valor Sob Consulta OBS: CAIXA COM 500 Marca: BK Modelo: Plus Origem: China Embalagem: Pacotes Destinado: Profissional Quantidade: 1000 Agulhas\/Caixa Esteriliza\u00e7\u00e3o: Raios Gama Terapias: Medicina Tradicional Chinesa, Acupuntura Sist\u00eamica Medidas dispon\u00edveis 0,14&#215;40 0,16 x30 0,18&#215;8 0,18&#215;40 0,20&#215;15 0,20&#215;30 0,20&#215;40 0,25&#215;15 0,25&#215;30 0,25&#215;40 0,25&#215;50 0,30&#215;40 0,30&#215;60 0,30&#215;75<\/p>\n","protected":false},"featured_media":4201,"comment_status":"open","ping_status":"closed","template":"","meta":{"_kadence_starter_templates_imported_post":false,"_kad_post_transparent":"default","_kad_post_title":"","_kad_post_layout":"default","_kad_post_sidebar_id":"","_kad_post_content_style":"default","_kad_post_vertical_padding":"default","_kad_post_feature":"","_kad_post_feature_position":"","_kad_post_header":false,"_kad_post_footer":false,"_kad_post_classname":""},"product_brand":[],"product_cat":[45],"product_tag":[],"class_list":{"0":"post-4190","1":"product","2":"type-product","3":"status-publish","4":"has-post-thumbnail","6":"product_cat-acupuntura","8":"first","9":"instock","10":"shipping-taxable","11":"product-type-simple","12":"entry","13":"content-bg","14":"loop-entry"},"yoast_head":"<!-- This site is optimized with the Yoast SEO plugin v23.2 - https:\/\/yoast.com\/wordpress\/plugins\/seo\/ -->\n<title>Agulha Acupuntura Sist\u00eamica BK Plus - Pr\u00f3 Sa\u00fade - Equipamentos M\u00e9dicos e Hospitalares<\/title>\n<meta name=\"description\" content=\"Agulha acupuntura sist\u00eamica BK Plus, agulha de acupuntura, agulha fina para acupuntura, agulha de a\u00e7o inoxid\u00e1vel para acupuntura, acupuntura BK Plus, agulhas de acupuntura de alta qualidade, agulhas para acupuntura sist\u00eamica, agulhas para terapia de acupuntura, agulhas de precis\u00e3o para acupuntura.\" \/>\n<meta name=\"robots\" content=\"index, follow, max-snippet:-1, max-image-preview:large, max-video-preview:-1\" \/>\n<link rel=\"canonical\" href=\"https:\/\/prosaudesul.com.br\/site\/produto\/agulha-acupuntura-sistemica-bk-plus\/\" \/>\n<meta property=\"og:locale\" content=\"pt_BR\" \/>\n<meta property=\"og:type\" content=\"article\" \/>\n<meta property=\"og:title\" content=\"Agulha Acupuntura Sist\u00eamica BK Plus - Pr\u00f3 Sa\u00fade - Equipamentos M\u00e9dicos e Hospitalares\" \/>\n<meta property=\"og:description\" content=\"Agulha acupuntura sist\u00eamica BK Plus, agulha de acupuntura, agulha fina para acupuntura, agulha de a\u00e7o inoxid\u00e1vel para acupuntura, acupuntura BK Plus, agulhas de acupuntura de alta qualidade, agulhas para acupuntura sist\u00eamica, agulhas para terapia de acupuntura, agulhas de precis\u00e3o para acupuntura.\" \/>\n<meta property=\"og:url\" content=\"https:\/\/prosaudesul.com.br\/site\/produto\/agulha-acupuntura-sistemica-bk-plus\/\" \/>\n<meta property=\"og:site_name\" content=\"Pr\u00f3 Sa\u00fade - Equipamentos M\u00e9dicos e Hospitalares\" \/>\n<meta property=\"article:publisher\" content=\"https:\/\/www.facebook.com\/sorgatobrindes\" \/>\n<meta property=\"article:modified_time\" content=\"2024-08-31T18:35:39+00:00\" \/>\n<meta property=\"og:image\" content=\"https:\/\/prosaudesul.com.br\/site\/wp-content\/uploads\/2024\/08\/Agulha-Acupuntura-Sistemica-BK-Plus.jpg\" \/>\n\t<meta property=\"og:image:width\" content=\"720\" \/>\n\t<meta property=\"og:image:height\" content=\"720\" \/>\n\t<meta property=\"og:image:type\" content=\"image\/jpeg\" \/>\n<meta name=\"twitter:card\" content=\"summary_large_image\" \/>\n<meta name=\"twitter:label1\" content=\"Est. tempo de leitura\" \/>\n\t<meta name=\"twitter:data1\" content=\"1 minuto\" \/>\n<script type=\"application\/ld+json\" class=\"yoast-schema-graph\">{\"@context\":\"https:\/\/schema.org\",\"@graph\":[{\"@type\":\"WebPage\",\"@id\":\"https:\/\/prosaudesul.com.br\/site\/produto\/agulha-acupuntura-sistemica-bk-plus\/\",\"url\":\"https:\/\/prosaudesul.com.br\/site\/produto\/agulha-acupuntura-sistemica-bk-plus\/\",\"name\":\"Agulha Acupuntura Sist\u00eamica BK Plus - Pr\u00f3 Sa\u00fade - Equipamentos M\u00e9dicos e Hospitalares\",\"isPartOf\":{\"@id\":\"https:\/\/prosaudesul.com.br\/site\/#website\"},\"primaryImageOfPage\":{\"@id\":\"https:\/\/prosaudesul.com.br\/site\/produto\/agulha-acupuntura-sistemica-bk-plus\/#primaryimage\"},\"image\":{\"@id\":\"https:\/\/prosaudesul.com.br\/site\/produto\/agulha-acupuntura-sistemica-bk-plus\/#primaryimage\"},\"thumbnailUrl\":\"https:\/\/prosaudesul.com.br\/site\/wp-content\/uploads\/2024\/08\/Agulha-Acupuntura-Sistemica-BK-Plus.jpg\",\"datePublished\":\"2024-08-17T02:06:19+00:00\",\"dateModified\":\"2024-08-31T18:35:39+00:00\",\"description\":\"Agulha acupuntura sist\u00eamica BK Plus, agulha de acupuntura, agulha fina para acupuntura, agulha de a\u00e7o inoxid\u00e1vel para acupuntura, acupuntura BK Plus, agulhas de acupuntura de alta qualidade, agulhas para acupuntura sist\u00eamica, agulhas para terapia de acupuntura, agulhas de precis\u00e3o para acupuntura.\",\"breadcrumb\":{\"@id\":\"https:\/\/prosaudesul.com.br\/site\/produto\/agulha-acupuntura-sistemica-bk-plus\/#breadcrumb\"},\"inLanguage\":\"pt-BR\",\"potentialAction\":[{\"@type\":\"ReadAction\",\"target\":[\"https:\/\/prosaudesul.com.br\/site\/produto\/agulha-acupuntura-sistemica-bk-plus\/\"]}]},{\"@type\":\"ImageObject\",\"inLanguage\":\"pt-BR\",\"@id\":\"https:\/\/prosaudesul.com.br\/site\/produto\/agulha-acupuntura-sistemica-bk-plus\/#primaryimage\",\"url\":\"https:\/\/prosaudesul.com.br\/site\/wp-content\/uploads\/2024\/08\/Agulha-Acupuntura-Sistemica-BK-Plus.jpg\",\"contentUrl\":\"https:\/\/prosaudesul.com.br\/site\/wp-content\/uploads\/2024\/08\/Agulha-Acupuntura-Sistemica-BK-Plus.jpg\",\"width\":720,\"height\":720,\"caption\":\"Agulha acupuntura sist\u00eamica BK Plus, agulha de acupuntura, agulha fina para acupuntura, agulha de a\u00e7o inoxid\u00e1vel para acupuntura, acupuntura BK Plus, agulhas de acupuntura de alta qualidade, agulhas para acupuntura sist\u00eamica, agulhas para terapia de acupuntura, agulhas de precis\u00e3o para acupuntura, acupuntura com agulhas finas, agulhas para tratamento de acupuntura, equipamentos de acupuntura profissional, agulhas para pr\u00e1tica de acupuntura, acupuntura e bem-estar, agulhas para equil\u00edbrio energ\u00e9tico.\"},{\"@type\":\"BreadcrumbList\",\"@id\":\"https:\/\/prosaudesul.com.br\/site\/produto\/agulha-acupuntura-sistemica-bk-plus\/#breadcrumb\",\"itemListElement\":[{\"@type\":\"ListItem\",\"position\":1,\"name\":\"In\u00edcio\",\"item\":\"https:\/\/prosaudesul.com.br\/site\/\"},{\"@type\":\"ListItem\",\"position\":2,\"name\":\"Produtos\",\"item\":\"https:\/\/prosaudesul.com.br\/site\/loja\/\"},{\"@type\":\"ListItem\",\"position\":3,\"name\":\"Agulha Acupuntura Sist\u00eamica BK Plus\"}]},{\"@type\":\"WebSite\",\"@id\":\"https:\/\/prosaudesul.com.br\/site\/#website\",\"url\":\"https:\/\/prosaudesul.com.br\/site\/\",\"name\":\"Pr\u00f3 Sa\u00fade - Equipamentos M\u00e9dicos e Hospitalares\",\"description\":\"Caxias do Sul - RS - Telefone: (54) 3227-7600 - Whats: (54) 9 9101-3507 - E-mail: prosaudeprodutos@yahoo.com.br\",\"publisher\":{\"@id\":\"https:\/\/prosaudesul.com.br\/site\/#organization\"},\"potentialAction\":[{\"@type\":\"SearchAction\",\"target\":{\"@type\":\"EntryPoint\",\"urlTemplate\":\"https:\/\/prosaudesul.com.br\/site\/?s={search_term_string}\"},\"query-input\":\"required name=search_term_string\"}],\"inLanguage\":\"pt-BR\"},{\"@type\":\"Organization\",\"@id\":\"https:\/\/prosaudesul.com.br\/site\/#organization\",\"name\":\"Pr\u00f3 Sa\u00fade - Equipamentos M\u00e9dicos e Hospitalares\",\"url\":\"https:\/\/prosaudesul.com.br\/site\/\",\"logo\":{\"@type\":\"ImageObject\",\"inLanguage\":\"pt-BR\",\"@id\":\"https:\/\/prosaudesul.com.br\/site\/#\/schema\/logo\/image\/\",\"url\":\"https:\/\/prosaudesul.com.br\/site\/wp-content\/uploads\/2023\/06\/logo-pro-saude.png\",\"contentUrl\":\"https:\/\/prosaudesul.com.br\/site\/wp-content\/uploads\/2023\/06\/logo-pro-saude.png\",\"width\":345,\"height\":86,\"caption\":\"Pr\u00f3 Sa\u00fade -  Equipamentos M\u00e9dicos e Hospitalares\"},\"image\":{\"@id\":\"https:\/\/prosaudesul.com.br\/site\/#\/schema\/logo\/image\/\"},\"sameAs\":[\"https:\/\/www.facebook.com\/sorgatobrindes\",\"https:\/\/www.instagram.com\/sorgatobrindes\/\"]}]}<\/script>\n<!-- \/ Yoast SEO plugin. -->","yoast_head_json":{"title":"Agulha Acupuntura Sist\u00eamica BK Plus - Pr\u00f3 Sa\u00fade - Equipamentos M\u00e9dicos e Hospitalares","description":"Agulha acupuntura sist\u00eamica BK Plus, agulha de acupuntura, agulha fina para acupuntura, agulha de a\u00e7o inoxid\u00e1vel para acupuntura, acupuntura BK Plus, agulhas de acupuntura de alta qualidade, agulhas para acupuntura sist\u00eamica, agulhas para terapia de acupuntura, agulhas de precis\u00e3o para acupuntura.","robots":{"index":"index","follow":"follow","max-snippet":"max-snippet:-1","max-image-preview":"max-image-preview:large","max-video-preview":"max-video-preview:-1"},"canonical":"https:\/\/prosaudesul.com.br\/site\/produto\/agulha-acupuntura-sistemica-bk-plus\/","og_locale":"pt_BR","og_type":"article","og_title":"Agulha Acupuntura Sist\u00eamica BK Plus - Pr\u00f3 Sa\u00fade - Equipamentos M\u00e9dicos e Hospitalares","og_description":"Agulha acupuntura sist\u00eamica BK Plus, agulha de acupuntura, agulha fina para acupuntura, agulha de a\u00e7o inoxid\u00e1vel para acupuntura, acupuntura BK Plus, agulhas de acupuntura de alta qualidade, agulhas para acupuntura sist\u00eamica, agulhas para terapia de acupuntura, agulhas de precis\u00e3o para acupuntura.","og_url":"https:\/\/prosaudesul.com.br\/site\/produto\/agulha-acupuntura-sistemica-bk-plus\/","og_site_name":"Pr\u00f3 Sa\u00fade - Equipamentos M\u00e9dicos e Hospitalares","article_publisher":"https:\/\/www.facebook.com\/sorgatobrindes","article_modified_time":"2024-08-31T18:35:39+00:00","og_image":[{"width":720,"height":720,"url":"https:\/\/prosaudesul.com.br\/site\/wp-content\/uploads\/2024\/08\/Agulha-Acupuntura-Sistemica-BK-Plus.jpg","type":"image\/jpeg"}],"twitter_card":"summary_large_image","twitter_misc":{"Est. tempo de leitura":"1 minuto"},"schema":{"@context":"https:\/\/schema.org","@graph":[{"@type":"WebPage","@id":"https:\/\/prosaudesul.com.br\/site\/produto\/agulha-acupuntura-sistemica-bk-plus\/","url":"https:\/\/prosaudesul.com.br\/site\/produto\/agulha-acupuntura-sistemica-bk-plus\/","name":"Agulha Acupuntura Sist\u00eamica BK Plus - Pr\u00f3 Sa\u00fade - Equipamentos M\u00e9dicos e Hospitalares","isPartOf":{"@id":"https:\/\/prosaudesul.com.br\/site\/#website"},"primaryImageOfPage":{"@id":"https:\/\/prosaudesul.com.br\/site\/produto\/agulha-acupuntura-sistemica-bk-plus\/#primaryimage"},"image":{"@id":"https:\/\/prosaudesul.com.br\/site\/produto\/agulha-acupuntura-sistemica-bk-plus\/#primaryimage"},"thumbnailUrl":"https:\/\/prosaudesul.com.br\/site\/wp-content\/uploads\/2024\/08\/Agulha-Acupuntura-Sistemica-BK-Plus.jpg","datePublished":"2024-08-17T02:06:19+00:00","dateModified":"2024-08-31T18:35:39+00:00","description":"Agulha acupuntura sist\u00eamica BK Plus, agulha de acupuntura, agulha fina para acupuntura, agulha de a\u00e7o inoxid\u00e1vel para acupuntura, acupuntura BK Plus, agulhas de acupuntura de alta qualidade, agulhas para acupuntura sist\u00eamica, agulhas para terapia de acupuntura, agulhas de precis\u00e3o para acupuntura.","breadcrumb":{"@id":"https:\/\/prosaudesul.com.br\/site\/produto\/agulha-acupuntura-sistemica-bk-plus\/#breadcrumb"},"inLanguage":"pt-BR","potentialAction":[{"@type":"ReadAction","target":["https:\/\/prosaudesul.com.br\/site\/produto\/agulha-acupuntura-sistemica-bk-plus\/"]}]},{"@type":"ImageObject","inLanguage":"pt-BR","@id":"https:\/\/prosaudesul.com.br\/site\/produto\/agulha-acupuntura-sistemica-bk-plus\/#primaryimage","url":"https:\/\/prosaudesul.com.br\/site\/wp-content\/uploads\/2024\/08\/Agulha-Acupuntura-Sistemica-BK-Plus.jpg","contentUrl":"https:\/\/prosaudesul.com.br\/site\/wp-content\/uploads\/2024\/08\/Agulha-Acupuntura-Sistemica-BK-Plus.jpg","width":720,"height":720,"caption":"Agulha acupuntura sist\u00eamica BK Plus, agulha de acupuntura, agulha fina para acupuntura, agulha de a\u00e7o inoxid\u00e1vel para acupuntura, acupuntura BK Plus, agulhas de acupuntura de alta qualidade, agulhas para acupuntura sist\u00eamica, agulhas para terapia de acupuntura, agulhas de precis\u00e3o para acupuntura, acupuntura com agulhas finas, agulhas para tratamento de acupuntura, equipamentos de acupuntura profissional, agulhas para pr\u00e1tica de acupuntura, acupuntura e bem-estar, agulhas para equil\u00edbrio energ\u00e9tico."},{"@type":"BreadcrumbList","@id":"https:\/\/prosaudesul.com.br\/site\/produto\/agulha-acupuntura-sistemica-bk-plus\/#breadcrumb","itemListElement":[{"@type":"ListItem","position":1,"name":"In\u00edcio","item":"https:\/\/prosaudesul.com.br\/site\/"},{"@type":"ListItem","position":2,"name":"Produtos","item":"https:\/\/prosaudesul.com.br\/site\/loja\/"},{"@type":"ListItem","position":3,"name":"Agulha Acupuntura Sist\u00eamica BK Plus"}]},{"@type":"WebSite","@id":"https:\/\/prosaudesul.com.br\/site\/#website","url":"https:\/\/prosaudesul.com.br\/site\/","name":"Pr\u00f3 Sa\u00fade - Equipamentos M\u00e9dicos e Hospitalares","description":"Caxias do Sul - RS - Telefone: (54) 3227-7600 - Whats: (54) 9 9101-3507 - E-mail: prosaudeprodutos@yahoo.com.br","publisher":{"@id":"https:\/\/prosaudesul.com.br\/site\/#organization"},"potentialAction":[{"@type":"SearchAction","target":{"@type":"EntryPoint","urlTemplate":"https:\/\/prosaudesul.com.br\/site\/?s={search_term_string}"},"query-input":"required name=search_term_string"}],"inLanguage":"pt-BR"},{"@type":"Organization","@id":"https:\/\/prosaudesul.com.br\/site\/#organization","name":"Pr\u00f3 Sa\u00fade - Equipamentos M\u00e9dicos e Hospitalares","url":"https:\/\/prosaudesul.com.br\/site\/","logo":{"@type":"ImageObject","inLanguage":"pt-BR","@id":"https:\/\/prosaudesul.com.br\/site\/#\/schema\/logo\/image\/","url":"https:\/\/prosaudesul.com.br\/site\/wp-content\/uploads\/2023\/06\/logo-pro-saude.png","contentUrl":"https:\/\/prosaudesul.com.br\/site\/wp-content\/uploads\/2023\/06\/logo-pro-saude.png","width":345,"height":86,"caption":"Pr\u00f3 Sa\u00fade -  Equipamentos M\u00e9dicos e Hospitalares"},"image":{"@id":"https:\/\/prosaudesul.com.br\/site\/#\/schema\/logo\/image\/"},"sameAs":["https:\/\/www.facebook.com\/sorgatobrindes","https:\/\/www.instagram.com\/sorgatobrindes\/"]}]}},"_links":{"self":[{"href":"https:\/\/prosaudesul.com.br\/site\/wp-json\/wp\/v2\/product\/4190"}],"collection":[{"href":"https:\/\/prosaudesul.com.br\/site\/wp-json\/wp\/v2\/product"}],"about":[{"href":"https:\/\/prosaudesul.com.br\/site\/wp-json\/wp\/v2\/types\/product"}],"replies":[{"embeddable":true,"href":"https:\/\/prosaudesul.com.br\/site\/wp-json\/wp\/v2\/comments?post=4190"}],"wp:featuredmedia":[{"embeddable":true,"href":"https:\/\/prosaudesul.com.br\/site\/wp-json\/wp\/v2\/media\/4201"}],"wp:attachment":[{"href":"https:\/\/prosaudesul.com.br\/site\/wp-json\/wp\/v2\/media?parent=4190"}],"wp:term":[{"taxonomy":"product_brand","embeddable":true,"href":"https:\/\/prosaudesul.com.br\/site\/wp-json\/wp\/v2\/product_brand?post=4190"},{"taxonomy":"product_cat","embeddable":true,"href":"https:\/\/prosaudesul.com.br\/site\/wp-json\/wp\/v2\/product_cat?post=4190"},{"taxonomy":"product_tag","embeddable":true,"href":"https:\/\/prosaudesul.com.br\/site\/wp-json\/wp\/v2\/product_tag?post=4190"}],"curies":[{"name":"wp","href":"https:\/\/api.w.org\/{rel}","templated":true}]}}